{"id":4046,"date":"2026-04-20T13:37:49","date_gmt":"2026-04-20T11:37:49","guid":{"rendered":"https:\/\/milnius.com\/?post_type=product&#038;p=4046"},"modified":"2026-04-20T13:44:38","modified_gmt":"2026-04-20T11:44:38","slug":"bolas-de-fieltro-de-colores","status":"publish","type":"product","link":"https:\/\/milnius.com\/ca\/product\/bolas-de-fieltro-de-colores\/","title":{"rendered":"Boles de feltre de colors"},"content":{"rendered":"<p>Boles de feltre, fetes a m\u00e0, en suaus colors terra, disponibles en conjunt de 7 unitats i en diferents mides.<\/p>\n<p>Complement perfecte per a la creaci\u00f3 d\u2019escenaris de joc o minimons i per introduir les primeres propostes de classificaci\u00f3 i combinaci\u00f3 crom\u00e0tiques, juntament amb altres materials - com les l\u00e0mines planes de feltre -. De manera espont\u00e0nia, l\u2019infant pot comen\u00e7ar a agrupar per colors, afavorint la seva capacitat d\u2019observaci\u00f3 i discriminaci\u00f3 visual i els primers processos de categoritzaci\u00f3.<\/p>\n<p>En el joc simb\u00f2lic, poden adoptar noves utilitats i significats: tot all\u00f2 que la imaginaci\u00f3 suggereixi (menjars, coves, edificis, etc.) i aportar, en les diverses situacions representades, color, textura, bellesa i calidesa.<br \/>\n\u00c9s interessant combinar diferents mides o di\u00e0metres i augmentar, aix\u00ed, la dificultat en la manipulaci\u00f3, o b\u00e9 l\u2019oferta de diferents volums en les escenes de joc.<\/p>\n<p>*Es ven per conjunt (7 unitats, una de cada color).<br \/>\n*Els elements decoratius de les fotografies no estan inclosos.<br \/>\n*S\u2019entrega en embalatge de paper-cart\u00f3 reciclat.<\/p>","protected":false},"excerpt":{"rendered":"<p>Conjunt format per 7 boles de feltre d\u2019alta qualitat, en 7 tonalitats terra.<\/p>","protected":false},"featured_media":4052,"comment_status":"open","ping_status":"closed","template":"","meta":{"_et_pb_use_builder":"","_et_pb_old_content":"","_et_gb_content_width":""},"product_brand":[],"product_cat":[44,42,46,41],"product_tag":[],"class_list":{"0":"post-4046","1":"product","2":"type-product","3":"status-publish","4":"has-post-thumbnail","6":"product_cat-de-3-anos-edad","7":"product_cat-edad","8":"product_cat-elementos-de-fieltro","9":"product_cat-todos-los-productos","11":"first","12":"instock","13":"taxable","14":"shipping-taxable","15":"purchasable","16":"product-type-variable"},"yoast_head":"<!-- This site is optimized with the Yoast SEO plugin v27.0 - https:\/\/yoast.com\/product\/yoast-seo-wordpress\/ -->\n<title>Bolas de fieltro de colores - Mil Nius<\/title>\n<meta name=\"robots\" content=\"index, follow, max-snippet:-1, max-image-preview:large, max-video-preview:-1\" \/>\n<link rel=\"canonical\" href=\"https:\/\/milnius.com\/ca\/product\/bolas-de-fieltro-de-colores\/\" \/>\n<meta property=\"og:locale\" content=\"ca_ES\" \/>\n<meta property=\"og:type\" content=\"article\" \/>\n<meta property=\"og:title\" content=\"Bolas de fieltro de colores - Mil Nius\" \/>\n<meta property=\"og:description\" content=\"Conjunto formado por 7 bolas de fieltro de alta calidad, en 7 tonalidades tierra.\" \/>\n<meta property=\"og:url\" content=\"https:\/\/milnius.com\/ca\/product\/bolas-de-fieltro-de-colores\/\" \/>\n<meta property=\"og:site_name\" content=\"Mil Nius\" \/>\n<meta property=\"article:modified_time\" content=\"2026-04-20T11:44:38+00:00\" \/>\n<meta property=\"og:image\" content=\"https:\/\/milnius.com\/wp-content\/uploads\/2026\/04\/earth_balls.png\" \/>\n\t<meta property=\"og:image:width\" content=\"1280\" \/>\n\t<meta property=\"og:image:height\" content=\"1129\" \/>\n\t<meta property=\"og:image:type\" content=\"image\/png\" \/>\n<meta name=\"twitter:card\" content=\"summary_large_image\" \/>\n<meta name=\"twitter:label1\" content=\"Temps estimat de lectura\" \/>\n\t<meta name=\"twitter:data1\" content=\"1 minut\" \/>\n<script type=\"application\/ld+json\" class=\"yoast-schema-graph\">{\"@context\":\"https:\/\/schema.org\",\"@graph\":[{\"@type\":\"WebPage\",\"@id\":\"https:\/\/milnius.com\/product\/bolas-de-fieltro-de-colores\/\",\"url\":\"https:\/\/milnius.com\/product\/bolas-de-fieltro-de-colores\/\",\"name\":\"Bolas de fieltro de colores - Mil Nius\",\"isPartOf\":{\"@id\":\"https:\/\/milnius.com\/#website\"},\"primaryImageOfPage\":{\"@id\":\"https:\/\/milnius.com\/product\/bolas-de-fieltro-de-colores\/#primaryimage\"},\"image\":{\"@id\":\"https:\/\/milnius.com\/product\/bolas-de-fieltro-de-colores\/#primaryimage\"},\"thumbnailUrl\":\"https:\/\/milnius.com\/wp-content\/uploads\/2026\/04\/earth_balls.png\",\"datePublished\":\"2026-04-20T11:37:49+00:00\",\"dateModified\":\"2026-04-20T11:44:38+00:00\",\"breadcrumb\":{\"@id\":\"https:\/\/milnius.com\/product\/bolas-de-fieltro-de-colores\/#breadcrumb\"},\"inLanguage\":\"ca\",\"potentialAction\":[{\"@type\":\"ReadAction\",\"target\":[\"https:\/\/milnius.com\/product\/bolas-de-fieltro-de-colores\/\"]}]},{\"@type\":\"ImageObject\",\"inLanguage\":\"ca\",\"@id\":\"https:\/\/milnius.com\/product\/bolas-de-fieltro-de-colores\/#primaryimage\",\"url\":\"https:\/\/milnius.com\/wp-content\/uploads\/2026\/04\/earth_balls.png\",\"contentUrl\":\"https:\/\/milnius.com\/wp-content\/uploads\/2026\/04\/earth_balls.png\",\"width\":1280,\"height\":1129},{\"@type\":\"BreadcrumbList\",\"@id\":\"https:\/\/milnius.com\/product\/bolas-de-fieltro-de-colores\/#breadcrumb\",\"itemListElement\":[{\"@type\":\"ListItem\",\"position\":1,\"name\":\"Portada\",\"item\":\"https:\/\/milnius.com\/\"},{\"@type\":\"ListItem\",\"position\":2,\"name\":\"Nuestra tienda\",\"item\":\"https:\/\/milnius.com\/shop\/\"},{\"@type\":\"ListItem\",\"position\":3,\"name\":\"Bolas de fieltro de colores\"}]},{\"@type\":\"WebSite\",\"@id\":\"https:\/\/milnius.com\/#website\",\"url\":\"https:\/\/milnius.com\/\",\"name\":\"Mil Nius\",\"description\":\"Materiales sensoriales naturales para ni\u00f1@s\",\"potentialAction\":[{\"@type\":\"SearchAction\",\"target\":{\"@type\":\"EntryPoint\",\"urlTemplate\":\"https:\/\/milnius.com\/?s={search_term_string}\"},\"query-input\":{\"@type\":\"PropertyValueSpecification\",\"valueRequired\":true,\"valueName\":\"search_term_string\"}}],\"inLanguage\":\"ca\"}]}<\/script>\n<!-- \/ Yoast SEO plugin. -->","yoast_head_json":{"title":"Bolas de fieltro de colores - Mil Nius","robots":{"index":"index","follow":"follow","max-snippet":"max-snippet:-1","max-image-preview":"max-image-preview:large","max-video-preview":"max-video-preview:-1"},"canonical":"https:\/\/milnius.com\/ca\/product\/bolas-de-fieltro-de-colores\/","og_locale":"ca_ES","og_type":"article","og_title":"Bolas de fieltro de colores - Mil Nius","og_description":"Conjunto formado por 7 bolas de fieltro de alta calidad, en 7 tonalidades tierra.","og_url":"https:\/\/milnius.com\/ca\/product\/bolas-de-fieltro-de-colores\/","og_site_name":"Mil Nius","article_modified_time":"2026-04-20T11:44:38+00:00","og_image":[{"width":1280,"height":1129,"url":"https:\/\/milnius.com\/wp-content\/uploads\/2026\/04\/earth_balls.png","type":"image\/png"}],"twitter_card":"summary_large_image","twitter_misc":{"Temps estimat de lectura":"1 minut"},"schema":{"@context":"https:\/\/schema.org","@graph":[{"@type":"WebPage","@id":"https:\/\/milnius.com\/product\/bolas-de-fieltro-de-colores\/","url":"https:\/\/milnius.com\/product\/bolas-de-fieltro-de-colores\/","name":"Bolas de fieltro de colores - Mil Nius","isPartOf":{"@id":"https:\/\/milnius.com\/#website"},"primaryImageOfPage":{"@id":"https:\/\/milnius.com\/product\/bolas-de-fieltro-de-colores\/#primaryimage"},"image":{"@id":"https:\/\/milnius.com\/product\/bolas-de-fieltro-de-colores\/#primaryimage"},"thumbnailUrl":"https:\/\/milnius.com\/wp-content\/uploads\/2026\/04\/earth_balls.png","datePublished":"2026-04-20T11:37:49+00:00","dateModified":"2026-04-20T11:44:38+00:00","breadcrumb":{"@id":"https:\/\/milnius.com\/product\/bolas-de-fieltro-de-colores\/#breadcrumb"},"inLanguage":"ca","potentialAction":[{"@type":"ReadAction","target":["https:\/\/milnius.com\/product\/bolas-de-fieltro-de-colores\/"]}]},{"@type":"ImageObject","inLanguage":"ca","@id":"https:\/\/milnius.com\/product\/bolas-de-fieltro-de-colores\/#primaryimage","url":"https:\/\/milnius.com\/wp-content\/uploads\/2026\/04\/earth_balls.png","contentUrl":"https:\/\/milnius.com\/wp-content\/uploads\/2026\/04\/earth_balls.png","width":1280,"height":1129},{"@type":"BreadcrumbList","@id":"https:\/\/milnius.com\/product\/bolas-de-fieltro-de-colores\/#breadcrumb","itemListElement":[{"@type":"ListItem","position":1,"name":"Portada","item":"https:\/\/milnius.com\/"},{"@type":"ListItem","position":2,"name":"Nuestra tienda","item":"https:\/\/milnius.com\/shop\/"},{"@type":"ListItem","position":3,"name":"Bolas de fieltro de colores"}]},{"@type":"WebSite","@id":"https:\/\/milnius.com\/#website","url":"https:\/\/milnius.com\/","name":"Mil Nius","description":"Materiales sensoriales naturales para ni\u00f1@s","potentialAction":[{"@type":"SearchAction","target":{"@type":"EntryPoint","urlTemplate":"https:\/\/milnius.com\/?s={search_term_string}"},"query-input":{"@type":"PropertyValueSpecification","valueRequired":true,"valueName":"search_term_string"}}],"inLanguage":"ca"}]}},"_links":{"self":[{"href":"https:\/\/milnius.com\/ca\/wp-json\/wp\/v2\/product\/4046","targetHints":{"allow":["GET"]}}],"collection":[{"href":"https:\/\/milnius.com\/ca\/wp-json\/wp\/v2\/product"}],"about":[{"href":"https:\/\/milnius.com\/ca\/wp-json\/wp\/v2\/types\/product"}],"replies":[{"embeddable":true,"href":"https:\/\/milnius.com\/ca\/wp-json\/wp\/v2\/comments?post=4046"}],"wp:featuredmedia":[{"embeddable":true,"href":"https:\/\/milnius.com\/ca\/wp-json\/wp\/v2\/media\/4052"}],"wp:attachment":[{"href":"https:\/\/milnius.com\/ca\/wp-json\/wp\/v2\/media?parent=4046"}],"wp:term":[{"taxonomy":"product_brand","embeddable":true,"href":"https:\/\/milnius.com\/ca\/wp-json\/wp\/v2\/product_brand?post=4046"},{"taxonomy":"product_cat","embeddable":true,"href":"https:\/\/milnius.com\/ca\/wp-json\/wp\/v2\/product_cat?post=4046"},{"taxonomy":"product_tag","embeddable":true,"href":"https:\/\/milnius.com\/ca\/wp-json\/wp\/v2\/product_tag?post=4046"}],"curies":[{"name":"wp","href":"https:\/\/api.w.org\/{rel}","templated":true}]}}