{"id":4034,"date":"2026-04-19T23:37:12","date_gmt":"2026-04-19T21:37:12","guid":{"rendered":"https:\/\/milnius.com\/?post_type=product&#038;p=4034"},"modified":"2026-04-20T00:19:54","modified_gmt":"2026-04-19T22:19:54","slug":"bandeja-y-pinzas-de-madera","status":"publish","type":"product","link":"https:\/\/milnius.com\/ca\/product\/bandeja-y-pinzas-de-madera\/","title":{"rendered":"Safata i pinces de fusta"},"content":{"rendered":"<p>[et_pb_section fb_built=\u00bb1&#8243; _builder_version=\u00bb4.16&#8243; custom_padding=\u00bb0px||||false|false\u00bb global_colors_info=\u00bb{}\u00bb][et_pb_row _builder_version=\u00bb4.16&#8243; background_size=\u00bbinitial\u00bb background_position=\u00bbtop_left\u00bb background_repeat=\u00bbrepeat\u00bb width=\u00bb100%\u00bb custom_padding=\u00bb0px||0px||false|false\u00bb global_colors_info=\u00bb{}\u00bb][et_pb_column type=\u00bb4_4&#8243; _builder_version=\u00bb4.16&#8243; custom_padding=\u00bb|||\u00bb global_colors_info=\u00bb{}\u00bb custom_padding__hover=\u00bb|||\u00bb][et_pb_wc_breadcrumb _builder_version=\u00bb4.16&#8243; global_colors_info=\u00bb{}\u00bb][\/et_pb_wc_breadcrumb][et_pb_wc_cart_notice _builder_version=\u00bb4.16&#8243; global_colors_info=\u00bb{}\u00bb][\/et_pb_wc_cart_notice][\/et_pb_column][\/et_pb_row][et_pb_row column_structure=\u00bb1_2,1_2&#8243; _builder_version=\u00bb4.16&#8243; background_size=\u00bbinitial\u00bb background_position=\u00bbtop_left\u00bb background_repeat=\u00bbrepeat\u00bb width=\u00bb100%\u00bb custom_padding=\u00bb0px||||false|false\u00bb global_colors_info=\u00bb{}\u00bb][et_pb_column type=\u00bb1_2&#8243; _builder_version=\u00bb4.16&#8243; custom_padding=\u00bb|||\u00bb global_colors_info=\u00bb{}\u00bb custom_padding__hover=\u00bb|||\u00bb][et_pb_wc_images _builder_version=\u00bb4.16&#8243; global_colors_info=\u00bb{}\u00bb][\/et_pb_wc_images][\/et_pb_column][et_pb_column type=\u00bb1_2&#8243; _builder_version=\u00bb4.16&#8243; custom_padding=\u00bb|||\u00bb global_colors_info=\u00bb{}\u00bb custom_padding__hover=\u00bb|||\u00bb][et_pb_wc_title _builder_version=\u00bb4.16&#8243; global_colors_info=\u00bb{}\u00bb][\/et_pb_wc_title][et_pb_wc_rating _builder_version=\u00bb4.16&#8243; global_colors_info=\u00bb{}\u00bb][\/et_pb_wc_rating][et_pb_wc_price _builder_version=\u00bb4.16&#8243; global_colors_info=\u00bb{}\u00bb][\/et_pb_wc_price][et_pb_wc_description admin_label=\u00bbWoo Descripci\u00f3n del producto\u00bb _builder_version=\u00bb4.16&#8243; global_colors_info=\u00bb{}\u00bb][\/et_pb_wc_description][et_pb_wc_add_to_cart _builder_version=\u00bb4.16&#8243; global_colors_info=\u00bb{}\u00bb][\/et_pb_wc_add_to_cart][et_pb_wc_meta _builder_version=\u00bb4.16&#8243; global_colors_info=\u00bb{}\u00bb][\/et_pb_wc_meta][\/et_pb_column][\/et_pb_row][et_pb_row _builder_version=\u00bb4.16&#8243; background_size=\u00bbinitial\u00bb background_position=\u00bbtop_left\u00bb background_repeat=\u00bbrepeat\u00bb width=\u00bb100%\u00bb global_colors_info=\u00bb{}\u00bb][et_pb_column type=\u00bb4_4&#8243; _builder_version=\u00bb4.16&#8243; custom_padding=\u00bb|||\u00bb global_colors_info=\u00bb{}\u00bb custom_padding__hover=\u00bb|||\u00bb][et_pb_wc_tabs _builder_version=\u00bb4.25.1&#8243; hover_enabled=\u00bb0&#8243; global_colors_info=\u00bb{}\u00bb sticky_enabled=\u00bb0&#8243;]\t\t\t\t\t[\/et_pb_wc_tabs][et_pb_wc_upsells _builder_version=\u00bb4.16&#8243; global_colors_info=\u00bb{}\u00bb][\/et_pb_wc_upsells][et_pb_wc_related_products _builder_version=\u00bb4.16&#8243; global_colors_info=\u00bb{}\u00bb][\/et_pb_wc_related_products][\/et_pb_column][\/et_pb_row][\/et_pb_section]<\/p>\n","protected":false},"excerpt":{"rendered":"<p>Conjunt format per una safata i dues pinces, de fusta de faig.<\/p>","protected":false},"featured_media":4035,"comment_status":"open","ping_status":"closed","template":"","meta":{"_et_pb_use_builder":"on","_et_pb_old_content":"Las pinzas, flexibles y resistentes, con aristas redondeadas y peso ligero, ofrecen una sujeci\u00f3n c\u00f3moda y adaptada a las manos peque\u00f1as y tienen la medida ideal para su funcionalidad. La bandeja, tambi\u00e9n de medidas peque\u00f1as, favorece que pueda ser manipulada y transportada con facilidad; y ayuda a organizar los materiales y a emplazar el desarrollo de las m\u00faltiples acciones que se pueden dar.\r\n\r\nElementos para las propuestas de exploraci\u00f3n y trasvases de objetos, que permiten mover, poner, sacar, llenar y vaciar diversidad de materiales, dentro y fuera de la bandeja o bien en otros recipientes, con los que complementarlos - como los 3 platos de madera apilables y encajables -. Es interesante que estos recipientes tengan diferentes medidas y di\u00e1metros para que el ni\u00f1@, a trav\u00e9s de sus acciones, pueda descubrir de manera vivencial conceptos l\u00f3gico-matem\u00e1ticos como: grande-peque\u00f1o, lleno-vac\u00edo; y las primeras nociones cuantitativas: muchos-pocos. Al mismo tiempo, desarrolla la motricidad fina y la coordinaci\u00f3n \u00f3culo-manual.\r\n\r\nCon el tiempo, la bandeja y las pinzas se integrar\u00e1n naturalmente en otras propuestas y rincones de juego, dada su gran versatilidad. Desde propuestas de experimentaci\u00f3n y clasificaci\u00f3n, hasta propuestas de creaci\u00f3n y juego simb\u00f3lico, donde se convierten en la base y las herramientas necesarias de diferentes escenarios: como utensilios de cocina, de restaurante, de parada de mercado, de quir\u00f3fano de hospital, etc. O sencillamente, la bandeja puede servir de espacio donde reservar manualidades, elementos que se encuentren en la naturaleza\u2026; reconvirtiendo su utilidad.\r\n\r\n*Se vende por conjunto (una bandeja y dos pinzas).\r\n*Se entrega en embalaje de papel-cart\u00f3n reciclado.\r\n*Los elementos decorativos de las fotograf\u00edas no est\u00e1n incluidos.","_et_gb_content_width":""},"product_brand":[],"product_cat":[44,70,63,72,41],"product_tag":[],"class_list":{"0":"post-4034","1":"product","2":"type-product","3":"status-publish","4":"has-post-thumbnail","6":"product_cat-de-3-anos-edad","7":"product_cat-2-3-anos","8":"product_cat-elementos-de-madera","9":"product_cat-experimentacion","10":"product_cat-todos-los-productos","12":"first","13":"instock","14":"taxable","15":"shipping-taxable","16":"purchasable","17":"product-type-simple"},"yoast_head":"<!-- This site is optimized with the Yoast SEO plugin v27.0 - https:\/\/yoast.com\/product\/yoast-seo-wordpress\/ -->\n<title>Bandeja y pinzas de madera - Mil Nius<\/title>\n<meta name=\"robots\" content=\"index, follow, max-snippet:-1, max-image-preview:large, max-video-preview:-1\" \/>\n<link rel=\"canonical\" href=\"https:\/\/milnius.com\/ca\/product\/bandeja-y-pinzas-de-madera\/\" \/>\n<meta property=\"og:locale\" content=\"ca_ES\" \/>\n<meta property=\"og:type\" content=\"article\" \/>\n<meta property=\"og:title\" content=\"Bandeja y pinzas de madera - Mil Nius\" \/>\n<meta property=\"og:description\" content=\"Conjunto formado por una bandeja y dos pinzas, de madera de haya.\" \/>\n<meta property=\"og:url\" content=\"https:\/\/milnius.com\/ca\/product\/bandeja-y-pinzas-de-madera\/\" \/>\n<meta property=\"og:site_name\" content=\"Mil Nius\" \/>\n<meta property=\"article:modified_time\" content=\"2026-04-19T22:19:54+00:00\" \/>\n<meta property=\"og:image\" content=\"https:\/\/milnius.com\/wp-content\/uploads\/2026\/04\/safatapinces.png\" \/>\n\t<meta property=\"og:image:width\" content=\"1230\" \/>\n\t<meta property=\"og:image:height\" content=\"1280\" \/>\n\t<meta property=\"og:image:type\" content=\"image\/png\" \/>\n<meta name=\"twitter:card\" content=\"summary_large_image\" \/>\n<meta name=\"twitter:label1\" content=\"Temps estimat de lectura\" \/>\n\t<meta name=\"twitter:data1\" content=\"1 minut\" \/>\n<script type=\"application\/ld+json\" class=\"yoast-schema-graph\">{\"@context\":\"https:\/\/schema.org\",\"@graph\":[{\"@type\":\"WebPage\",\"@id\":\"https:\/\/milnius.com\/product\/bandeja-y-pinzas-de-madera\/\",\"url\":\"https:\/\/milnius.com\/product\/bandeja-y-pinzas-de-madera\/\",\"name\":\"Bandeja y pinzas de madera - Mil Nius\",\"isPartOf\":{\"@id\":\"https:\/\/milnius.com\/#website\"},\"primaryImageOfPage\":{\"@id\":\"https:\/\/milnius.com\/product\/bandeja-y-pinzas-de-madera\/#primaryimage\"},\"image\":{\"@id\":\"https:\/\/milnius.com\/product\/bandeja-y-pinzas-de-madera\/#primaryimage\"},\"thumbnailUrl\":\"https:\/\/milnius.com\/wp-content\/uploads\/2026\/04\/safatapinces.png\",\"datePublished\":\"2026-04-19T21:37:12+00:00\",\"dateModified\":\"2026-04-19T22:19:54+00:00\",\"breadcrumb\":{\"@id\":\"https:\/\/milnius.com\/product\/bandeja-y-pinzas-de-madera\/#breadcrumb\"},\"inLanguage\":\"ca\",\"potentialAction\":[{\"@type\":\"ReadAction\",\"target\":[\"https:\/\/milnius.com\/product\/bandeja-y-pinzas-de-madera\/\"]}]},{\"@type\":\"ImageObject\",\"inLanguage\":\"ca\",\"@id\":\"https:\/\/milnius.com\/product\/bandeja-y-pinzas-de-madera\/#primaryimage\",\"url\":\"https:\/\/milnius.com\/wp-content\/uploads\/2026\/04\/safatapinces.png\",\"contentUrl\":\"https:\/\/milnius.com\/wp-content\/uploads\/2026\/04\/safatapinces.png\",\"width\":1230,\"height\":1280},{\"@type\":\"BreadcrumbList\",\"@id\":\"https:\/\/milnius.com\/product\/bandeja-y-pinzas-de-madera\/#breadcrumb\",\"itemListElement\":[{\"@type\":\"ListItem\",\"position\":1,\"name\":\"Portada\",\"item\":\"https:\/\/milnius.com\/\"},{\"@type\":\"ListItem\",\"position\":2,\"name\":\"Nuestra tienda\",\"item\":\"https:\/\/milnius.com\/shop\/\"},{\"@type\":\"ListItem\",\"position\":3,\"name\":\"Bandeja y pinzas de madera\"}]},{\"@type\":\"WebSite\",\"@id\":\"https:\/\/milnius.com\/#website\",\"url\":\"https:\/\/milnius.com\/\",\"name\":\"Mil Nius\",\"description\":\"Materiales sensoriales naturales para ni\u00f1@s\",\"potentialAction\":[{\"@type\":\"SearchAction\",\"target\":{\"@type\":\"EntryPoint\",\"urlTemplate\":\"https:\/\/milnius.com\/?s={search_term_string}\"},\"query-input\":{\"@type\":\"PropertyValueSpecification\",\"valueRequired\":true,\"valueName\":\"search_term_string\"}}],\"inLanguage\":\"ca\"}]}<\/script>\n<!-- \/ Yoast SEO plugin. -->","yoast_head_json":{"title":"Bandeja y pinzas de madera - Mil Nius","robots":{"index":"index","follow":"follow","max-snippet":"max-snippet:-1","max-image-preview":"max-image-preview:large","max-video-preview":"max-video-preview:-1"},"canonical":"https:\/\/milnius.com\/ca\/product\/bandeja-y-pinzas-de-madera\/","og_locale":"ca_ES","og_type":"article","og_title":"Bandeja y pinzas de madera - Mil Nius","og_description":"Conjunto formado por una bandeja y dos pinzas, de madera de haya.","og_url":"https:\/\/milnius.com\/ca\/product\/bandeja-y-pinzas-de-madera\/","og_site_name":"Mil Nius","article_modified_time":"2026-04-19T22:19:54+00:00","og_image":[{"width":1230,"height":1280,"url":"https:\/\/milnius.com\/wp-content\/uploads\/2026\/04\/safatapinces.png","type":"image\/png"}],"twitter_card":"summary_large_image","twitter_misc":{"Temps estimat de lectura":"1 minut"},"schema":{"@context":"https:\/\/schema.org","@graph":[{"@type":"WebPage","@id":"https:\/\/milnius.com\/product\/bandeja-y-pinzas-de-madera\/","url":"https:\/\/milnius.com\/product\/bandeja-y-pinzas-de-madera\/","name":"Bandeja y pinzas de madera - Mil Nius","isPartOf":{"@id":"https:\/\/milnius.com\/#website"},"primaryImageOfPage":{"@id":"https:\/\/milnius.com\/product\/bandeja-y-pinzas-de-madera\/#primaryimage"},"image":{"@id":"https:\/\/milnius.com\/product\/bandeja-y-pinzas-de-madera\/#primaryimage"},"thumbnailUrl":"https:\/\/milnius.com\/wp-content\/uploads\/2026\/04\/safatapinces.png","datePublished":"2026-04-19T21:37:12+00:00","dateModified":"2026-04-19T22:19:54+00:00","breadcrumb":{"@id":"https:\/\/milnius.com\/product\/bandeja-y-pinzas-de-madera\/#breadcrumb"},"inLanguage":"ca","potentialAction":[{"@type":"ReadAction","target":["https:\/\/milnius.com\/product\/bandeja-y-pinzas-de-madera\/"]}]},{"@type":"ImageObject","inLanguage":"ca","@id":"https:\/\/milnius.com\/product\/bandeja-y-pinzas-de-madera\/#primaryimage","url":"https:\/\/milnius.com\/wp-content\/uploads\/2026\/04\/safatapinces.png","contentUrl":"https:\/\/milnius.com\/wp-content\/uploads\/2026\/04\/safatapinces.png","width":1230,"height":1280},{"@type":"BreadcrumbList","@id":"https:\/\/milnius.com\/product\/bandeja-y-pinzas-de-madera\/#breadcrumb","itemListElement":[{"@type":"ListItem","position":1,"name":"Portada","item":"https:\/\/milnius.com\/"},{"@type":"ListItem","position":2,"name":"Nuestra tienda","item":"https:\/\/milnius.com\/shop\/"},{"@type":"ListItem","position":3,"name":"Bandeja y pinzas de madera"}]},{"@type":"WebSite","@id":"https:\/\/milnius.com\/#website","url":"https:\/\/milnius.com\/","name":"Mil Nius","description":"Materiales sensoriales naturales para ni\u00f1@s","potentialAction":[{"@type":"SearchAction","target":{"@type":"EntryPoint","urlTemplate":"https:\/\/milnius.com\/?s={search_term_string}"},"query-input":{"@type":"PropertyValueSpecification","valueRequired":true,"valueName":"search_term_string"}}],"inLanguage":"ca"}]}},"_links":{"self":[{"href":"https:\/\/milnius.com\/ca\/wp-json\/wp\/v2\/product\/4034","targetHints":{"allow":["GET"]}}],"collection":[{"href":"https:\/\/milnius.com\/ca\/wp-json\/wp\/v2\/product"}],"about":[{"href":"https:\/\/milnius.com\/ca\/wp-json\/wp\/v2\/types\/product"}],"replies":[{"embeddable":true,"href":"https:\/\/milnius.com\/ca\/wp-json\/wp\/v2\/comments?post=4034"}],"wp:featuredmedia":[{"embeddable":true,"href":"https:\/\/milnius.com\/ca\/wp-json\/wp\/v2\/media\/4035"}],"wp:attachment":[{"href":"https:\/\/milnius.com\/ca\/wp-json\/wp\/v2\/media?parent=4034"}],"wp:term":[{"taxonomy":"product_brand","embeddable":true,"href":"https:\/\/milnius.com\/ca\/wp-json\/wp\/v2\/product_brand?post=4034"},{"taxonomy":"product_cat","embeddable":true,"href":"https:\/\/milnius.com\/ca\/wp-json\/wp\/v2\/product_cat?post=4034"},{"taxonomy":"product_tag","embeddable":true,"href":"https:\/\/milnius.com\/ca\/wp-json\/wp\/v2\/product_tag?post=4034"}],"curies":[{"name":"wp","href":"https:\/\/api.w.org\/{rel}","templated":true}]}}