{"id":3846,"date":"2025-11-13T13:35:00","date_gmt":"2025-11-13T12:35:00","guid":{"rendered":"https:\/\/milnius.com\/?post_type=product&#038;p=3846"},"modified":"2026-04-16T01:51:24","modified_gmt":"2026-04-15T23:51:24","slug":"3-platos-de-madera-apilables-y-encajables","status":"publish","type":"product","link":"https:\/\/milnius.com\/ca\/product\/3-platos-de-madera-apilables-y-encajables\/","title":{"rendered":"3 plats de fusta, apilables i encaixables"},"content":{"rendered":"<p>[et_pb_section fb_built=\u00bb1&#8243; _builder_version=\u00bb4.16&#8243; custom_padding=\u00bb0px||||false|false\u00bb global_colors_info=\u00bb{}\u00bb][et_pb_row _builder_version=\u00bb4.16&#8243; background_size=\u00bbinitial\u00bb background_position=\u00bbtop_left\u00bb background_repeat=\u00bbrepeat\u00bb width=\u00bb100%\u00bb custom_padding=\u00bb0px||0px||false|false\u00bb global_colors_info=\u00bb{}\u00bb][et_pb_column type=\u00bb4_4&#8243; _builder_version=\u00bb4.16&#8243; custom_padding=\u00bb|||\u00bb global_colors_info=\u00bb{}\u00bb custom_padding__hover=\u00bb|||\u00bb][et_pb_wc_breadcrumb _builder_version=\u00bb4.16&#8243; global_colors_info=\u00bb{}\u00bb][\/et_pb_wc_breadcrumb][et_pb_wc_cart_notice _builder_version=\u00bb4.16&#8243; global_colors_info=\u00bb{}\u00bb][\/et_pb_wc_cart_notice][\/et_pb_column][\/et_pb_row][et_pb_row column_structure=\u00bb1_2,1_2&#8243; _builder_version=\u00bb4.16&#8243; background_size=\u00bbinitial\u00bb background_position=\u00bbtop_left\u00bb background_repeat=\u00bbrepeat\u00bb width=\u00bb100%\u00bb custom_padding=\u00bb0px||||false|false\u00bb global_colors_info=\u00bb{}\u00bb][et_pb_column type=\u00bb1_2&#8243; _builder_version=\u00bb4.16&#8243; custom_padding=\u00bb|||\u00bb global_colors_info=\u00bb{}\u00bb custom_padding__hover=\u00bb|||\u00bb][et_pb_wc_images _builder_version=\u00bb4.16&#8243; global_colors_info=\u00bb{}\u00bb][\/et_pb_wc_images][\/et_pb_column][et_pb_column type=\u00bb1_2&#8243; _builder_version=\u00bb4.16&#8243; custom_padding=\u00bb|||\u00bb global_colors_info=\u00bb{}\u00bb custom_padding__hover=\u00bb|||\u00bb][et_pb_wc_title _builder_version=\u00bb4.16&#8243; global_colors_info=\u00bb{}\u00bb][\/et_pb_wc_title][et_pb_wc_rating _builder_version=\u00bb4.16&#8243; global_colors_info=\u00bb{}\u00bb][\/et_pb_wc_rating][et_pb_wc_price _builder_version=\u00bb4.16&#8243; global_colors_info=\u00bb{}\u00bb][\/et_pb_wc_price][et_pb_wc_description _builder_version=\u00bb4.16&#8243; global_colors_info=\u00bb{}\u00bb][\/et_pb_wc_description][et_pb_wc_add_to_cart _builder_version=\u00bb4.16&#8243; global_colors_info=\u00bb{}\u00bb][\/et_pb_wc_add_to_cart][et_pb_wc_meta _builder_version=\u00bb4.16&#8243; global_colors_info=\u00bb{}\u00bb][\/et_pb_wc_meta][\/et_pb_column][\/et_pb_row][et_pb_row _builder_version=\u00bb4.16&#8243; background_size=\u00bbinitial\u00bb background_position=\u00bbtop_left\u00bb background_repeat=\u00bbrepeat\u00bb width=\u00bb100%\u00bb global_colors_info=\u00bb{}\u00bb][et_pb_column type=\u00bb4_4&#8243; _builder_version=\u00bb4.16&#8243; custom_padding=\u00bb|||\u00bb global_colors_info=\u00bb{}\u00bb custom_padding__hover=\u00bb|||\u00bb][et_pb_wc_tabs _builder_version=\u00bb4.16&#8243; global_colors_info=\u00bb{}\u00bb]\t\t\t\t\t[\/et_pb_wc_tabs][et_pb_wc_upsells _builder_version=\u00bb4.16&#8243; global_colors_info=\u00bb{}\u00bb][\/et_pb_wc_upsells][et_pb_wc_related_products _builder_version=\u00bb4.16&#8243; global_colors_info=\u00bb{}\u00bb][\/et_pb_wc_related_products][\/et_pb_column][\/et_pb_row][\/et_pb_section]<\/p>\n","protected":false},"excerpt":{"rendered":"<p>Conjunt de 3 plats de fusta de faig, encaixables i apilables.<\/p>","protected":false},"featured_media":3848,"comment_status":"open","ping_status":"closed","template":"","meta":{"_et_pb_use_builder":"on","_et_pb_old_content":"De gran versatilidad de usos, que lo convierten en un conjunto abierto capaz de acompa\u00f1ar la infancia en su crecimiento y en la evoluci\u00f3n de las diferentes fases de la exploraci\u00f3n y el juego libre. Es, por tanto, un material que se adapta a las necesidades, intereses y tipolog\u00eda de juego del ni\u00f1@, seg\u00fan su momento de desarrollo, y lo conecta con la infinitud de funcionalidades que se pueden encontrar y que radican en la sencillez.\r\n\r\nEn los primeros a\u00f1os, el ni\u00f1@ podr\u00e1 descubrir y experimentar con la diferencia de medidas y di\u00e1metros, probando coger los platos, hacerlos rodar, encajar y apilar; fomentando la motricidad fina, la coordinaci\u00f3n oculo-manual y las relaciones espaciales. Su dise\u00f1o y sus medidas peque\u00f1as est\u00e1n pensadas expresamente para las manos peque\u00f1as. Ideales para ser incorporados en el Niu, como elementos nuevos para el descubrimiento y la exploraci\u00f3n sensorial, reforzada gracias a la calidez de la madera natural y su tacto pulido. M\u00e1s adelante, tambi\u00e9n pueden utilizarse para llenar, vaciar, guardar y presentar peque\u00f1os hallazgos y tesoros de la naturaleza.\r\n\r\nEn edades m\u00e1s avanzadas, permiten clasificar y ordenar objetos diversos y se convierten en elementos perfectos para el juego simb\u00f3lico, adquiriendo nuevos significados: desde utensilios para la cocina (platos, bandejas y otros recipientes), hasta habit\u00e1culos, plataformas y contenedores en la creaci\u00f3n de minimundos o escenarios imaginarios (casas, monta\u00f1as, cuevas, escondrijos\u2026), etc.; estimulando el ingenio y la creatividad.\r\n\r\n*Se entrega en embalaje de papel-cart\u00f3n reciclado.\r\n*Los elementos decorativos de las fotograf\u00edas no est\u00e1n incluidos en el precio.","_et_gb_content_width":""},"product_brand":[],"product_cat":[70,42,63,72,74,68,41],"product_tag":[],"class_list":{"0":"post-3846","1":"product","2":"type-product","3":"status-publish","4":"has-post-thumbnail","6":"product_cat-2-3-anos","7":"product_cat-edad","8":"product_cat-elementos-de-madera","9":"product_cat-experimentacion","10":"product_cat-primeros-apilables","11":"product_cat-primeros-encajes","12":"product_cat-todos-los-productos","14":"first","15":"instock","16":"taxable","17":"shipping-taxable","18":"purchasable","19":"product-type-simple"},"yoast_head":"<!-- This site is optimized with the Yoast SEO plugin v27.0 - https:\/\/yoast.com\/product\/yoast-seo-wordpress\/ -->\n<title>3 platos de madera, apilables y encajables - Mil Nius<\/title>\n<meta name=\"robots\" content=\"index, follow, max-snippet:-1, max-image-preview:large, max-video-preview:-1\" \/>\n<link rel=\"canonical\" href=\"https:\/\/milnius.com\/ca\/product\/3-platos-de-madera-apilables-y-encajables\/\" \/>\n<meta property=\"og:locale\" content=\"ca_ES\" \/>\n<meta property=\"og:type\" content=\"article\" \/>\n<meta property=\"og:title\" content=\"3 platos de madera, apilables y encajables - Mil Nius\" \/>\n<meta property=\"og:description\" content=\"Conjunto de 3 platos de madera de haya, encajables y apilables.\" \/>\n<meta property=\"og:url\" content=\"https:\/\/milnius.com\/ca\/product\/3-platos-de-madera-apilables-y-encajables\/\" \/>\n<meta property=\"og:site_name\" content=\"Mil Nius\" \/>\n<meta property=\"article:modified_time\" content=\"2026-04-15T23:51:24+00:00\" \/>\n<meta property=\"og:image\" content=\"https:\/\/milnius.com\/wp-content\/uploads\/2025\/11\/plats-apilables.jpg\" \/>\n\t<meta property=\"og:image:width\" content=\"600\" \/>\n\t<meta property=\"og:image:height\" content=\"600\" \/>\n\t<meta property=\"og:image:type\" content=\"image\/jpeg\" \/>\n<meta name=\"twitter:card\" content=\"summary_large_image\" \/>\n<meta name=\"twitter:label1\" content=\"Temps estimat de lectura\" \/>\n\t<meta name=\"twitter:data1\" content=\"2 minuts\" \/>\n<script type=\"application\/ld+json\" class=\"yoast-schema-graph\">{\"@context\":\"https:\/\/schema.org\",\"@graph\":[{\"@type\":\"WebPage\",\"@id\":\"https:\/\/milnius.com\/product\/3-platos-de-madera-apilables-y-encajables\/\",\"url\":\"https:\/\/milnius.com\/product\/3-platos-de-madera-apilables-y-encajables\/\",\"name\":\"3 platos de madera, apilables y encajables - Mil Nius\",\"isPartOf\":{\"@id\":\"https:\/\/milnius.com\/#website\"},\"primaryImageOfPage\":{\"@id\":\"https:\/\/milnius.com\/product\/3-platos-de-madera-apilables-y-encajables\/#primaryimage\"},\"image\":{\"@id\":\"https:\/\/milnius.com\/product\/3-platos-de-madera-apilables-y-encajables\/#primaryimage\"},\"thumbnailUrl\":\"https:\/\/milnius.com\/wp-content\/uploads\/2025\/11\/plats-apilables.jpg\",\"datePublished\":\"2025-11-13T12:35:00+00:00\",\"dateModified\":\"2026-04-15T23:51:24+00:00\",\"breadcrumb\":{\"@id\":\"https:\/\/milnius.com\/product\/3-platos-de-madera-apilables-y-encajables\/#breadcrumb\"},\"inLanguage\":\"ca\",\"potentialAction\":[{\"@type\":\"ReadAction\",\"target\":[\"https:\/\/milnius.com\/product\/3-platos-de-madera-apilables-y-encajables\/\"]}]},{\"@type\":\"ImageObject\",\"inLanguage\":\"ca\",\"@id\":\"https:\/\/milnius.com\/product\/3-platos-de-madera-apilables-y-encajables\/#primaryimage\",\"url\":\"https:\/\/milnius.com\/wp-content\/uploads\/2025\/11\/plats-apilables.jpg\",\"contentUrl\":\"https:\/\/milnius.com\/wp-content\/uploads\/2025\/11\/plats-apilables.jpg\",\"width\":600,\"height\":600},{\"@type\":\"BreadcrumbList\",\"@id\":\"https:\/\/milnius.com\/product\/3-platos-de-madera-apilables-y-encajables\/#breadcrumb\",\"itemListElement\":[{\"@type\":\"ListItem\",\"position\":1,\"name\":\"Portada\",\"item\":\"https:\/\/milnius.com\/\"},{\"@type\":\"ListItem\",\"position\":2,\"name\":\"Nuestra tienda\",\"item\":\"https:\/\/milnius.com\/shop\/\"},{\"@type\":\"ListItem\",\"position\":3,\"name\":\"3 platos de madera, apilables y encajables\"}]},{\"@type\":\"WebSite\",\"@id\":\"https:\/\/milnius.com\/#website\",\"url\":\"https:\/\/milnius.com\/\",\"name\":\"Mil Nius\",\"description\":\"Materiales sensoriales naturales para ni\u00f1@s\",\"potentialAction\":[{\"@type\":\"SearchAction\",\"target\":{\"@type\":\"EntryPoint\",\"urlTemplate\":\"https:\/\/milnius.com\/?s={search_term_string}\"},\"query-input\":{\"@type\":\"PropertyValueSpecification\",\"valueRequired\":true,\"valueName\":\"search_term_string\"}}],\"inLanguage\":\"ca\"}]}<\/script>\n<!-- \/ Yoast SEO plugin. -->","yoast_head_json":{"title":"3 platos de madera, apilables y encajables - Mil Nius","robots":{"index":"index","follow":"follow","max-snippet":"max-snippet:-1","max-image-preview":"max-image-preview:large","max-video-preview":"max-video-preview:-1"},"canonical":"https:\/\/milnius.com\/ca\/product\/3-platos-de-madera-apilables-y-encajables\/","og_locale":"ca_ES","og_type":"article","og_title":"3 platos de madera, apilables y encajables - Mil Nius","og_description":"Conjunto de 3 platos de madera de haya, encajables y apilables.","og_url":"https:\/\/milnius.com\/ca\/product\/3-platos-de-madera-apilables-y-encajables\/","og_site_name":"Mil Nius","article_modified_time":"2026-04-15T23:51:24+00:00","og_image":[{"width":600,"height":600,"url":"https:\/\/milnius.com\/wp-content\/uploads\/2025\/11\/plats-apilables.jpg","type":"image\/jpeg"}],"twitter_card":"summary_large_image","twitter_misc":{"Temps estimat de lectura":"2 minuts"},"schema":{"@context":"https:\/\/schema.org","@graph":[{"@type":"WebPage","@id":"https:\/\/milnius.com\/product\/3-platos-de-madera-apilables-y-encajables\/","url":"https:\/\/milnius.com\/product\/3-platos-de-madera-apilables-y-encajables\/","name":"3 platos de madera, apilables y encajables - Mil Nius","isPartOf":{"@id":"https:\/\/milnius.com\/#website"},"primaryImageOfPage":{"@id":"https:\/\/milnius.com\/product\/3-platos-de-madera-apilables-y-encajables\/#primaryimage"},"image":{"@id":"https:\/\/milnius.com\/product\/3-platos-de-madera-apilables-y-encajables\/#primaryimage"},"thumbnailUrl":"https:\/\/milnius.com\/wp-content\/uploads\/2025\/11\/plats-apilables.jpg","datePublished":"2025-11-13T12:35:00+00:00","dateModified":"2026-04-15T23:51:24+00:00","breadcrumb":{"@id":"https:\/\/milnius.com\/product\/3-platos-de-madera-apilables-y-encajables\/#breadcrumb"},"inLanguage":"ca","potentialAction":[{"@type":"ReadAction","target":["https:\/\/milnius.com\/product\/3-platos-de-madera-apilables-y-encajables\/"]}]},{"@type":"ImageObject","inLanguage":"ca","@id":"https:\/\/milnius.com\/product\/3-platos-de-madera-apilables-y-encajables\/#primaryimage","url":"https:\/\/milnius.com\/wp-content\/uploads\/2025\/11\/plats-apilables.jpg","contentUrl":"https:\/\/milnius.com\/wp-content\/uploads\/2025\/11\/plats-apilables.jpg","width":600,"height":600},{"@type":"BreadcrumbList","@id":"https:\/\/milnius.com\/product\/3-platos-de-madera-apilables-y-encajables\/#breadcrumb","itemListElement":[{"@type":"ListItem","position":1,"name":"Portada","item":"https:\/\/milnius.com\/"},{"@type":"ListItem","position":2,"name":"Nuestra tienda","item":"https:\/\/milnius.com\/shop\/"},{"@type":"ListItem","position":3,"name":"3 platos de madera, apilables y encajables"}]},{"@type":"WebSite","@id":"https:\/\/milnius.com\/#website","url":"https:\/\/milnius.com\/","name":"Mil Nius","description":"Materiales sensoriales naturales para ni\u00f1@s","potentialAction":[{"@type":"SearchAction","target":{"@type":"EntryPoint","urlTemplate":"https:\/\/milnius.com\/?s={search_term_string}"},"query-input":{"@type":"PropertyValueSpecification","valueRequired":true,"valueName":"search_term_string"}}],"inLanguage":"ca"}]}},"_links":{"self":[{"href":"https:\/\/milnius.com\/ca\/wp-json\/wp\/v2\/product\/3846","targetHints":{"allow":["GET"]}}],"collection":[{"href":"https:\/\/milnius.com\/ca\/wp-json\/wp\/v2\/product"}],"about":[{"href":"https:\/\/milnius.com\/ca\/wp-json\/wp\/v2\/types\/product"}],"replies":[{"embeddable":true,"href":"https:\/\/milnius.com\/ca\/wp-json\/wp\/v2\/comments?post=3846"}],"wp:featuredmedia":[{"embeddable":true,"href":"https:\/\/milnius.com\/ca\/wp-json\/wp\/v2\/media\/3848"}],"wp:attachment":[{"href":"https:\/\/milnius.com\/ca\/wp-json\/wp\/v2\/media?parent=3846"}],"wp:term":[{"taxonomy":"product_brand","embeddable":true,"href":"https:\/\/milnius.com\/ca\/wp-json\/wp\/v2\/product_brand?post=3846"},{"taxonomy":"product_cat","embeddable":true,"href":"https:\/\/milnius.com\/ca\/wp-json\/wp\/v2\/product_cat?post=3846"},{"taxonomy":"product_tag","embeddable":true,"href":"https:\/\/milnius.com\/ca\/wp-json\/wp\/v2\/product_tag?post=3846"}],"curies":[{"name":"wp","href":"https:\/\/api.w.org\/{rel}","templated":true}]}}