{"id":3723,"date":"2025-11-01T12:49:37","date_gmt":"2025-11-01T11:49:37","guid":{"rendered":"https:\/\/milnius.com\/?post_type=product&#038;p=3723"},"modified":"2026-04-16T01:54:11","modified_gmt":"2026-04-15T23:54:11","slug":"pack-niu-esfera","status":"publish","type":"product","link":"https:\/\/milnius.com\/ca\/product\/pack-niu-esfera\/","title":{"rendered":"Pack Niu &#8211; Esfera"},"content":{"rendered":"<p>[et_pb_section fb_built=\u00bb1&#8243; _builder_version=\u00bb4.16&#8243; custom_padding=\u00bb0px||||false|false\u00bb global_colors_info=\u00bb{}\u00bb][et_pb_row _builder_version=\u00bb4.16&#8243; background_size=\u00bbinitial\u00bb background_position=\u00bbtop_left\u00bb background_repeat=\u00bbrepeat\u00bb width=\u00bb100%\u00bb custom_padding=\u00bb0px||0px||false|false\u00bb global_colors_info=\u00bb{}\u00bb][et_pb_column type=\u00bb4_4&#8243; _builder_version=\u00bb4.16&#8243; custom_padding=\u00bb|||\u00bb global_colors_info=\u00bb{}\u00bb custom_padding__hover=\u00bb|||\u00bb][et_pb_wc_breadcrumb _builder_version=\u00bb4.16&#8243; global_colors_info=\u00bb{}\u00bb][\/et_pb_wc_breadcrumb][et_pb_wc_cart_notice _builder_version=\u00bb4.16&#8243; global_colors_info=\u00bb{}\u00bb][\/et_pb_wc_cart_notice][\/et_pb_column][\/et_pb_row][et_pb_row column_structure=\u00bb1_2,1_2&#8243; _builder_version=\u00bb4.16&#8243; background_size=\u00bbinitial\u00bb background_position=\u00bbtop_left\u00bb background_repeat=\u00bbrepeat\u00bb width=\u00bb100%\u00bb custom_padding=\u00bb0px||||false|false\u00bb global_colors_info=\u00bb{}\u00bb][et_pb_column type=\u00bb1_2&#8243; _builder_version=\u00bb4.16&#8243; custom_padding=\u00bb|||\u00bb global_colors_info=\u00bb{}\u00bb custom_padding__hover=\u00bb|||\u00bb][et_pb_wc_images _builder_version=\u00bb4.25.1&#8243; global_colors_info=\u00bb{}\u00bb][\/et_pb_wc_images][\/et_pb_column][et_pb_column type=\u00bb1_2&#8243; _builder_version=\u00bb4.16&#8243; custom_padding=\u00bb|||\u00bb global_colors_info=\u00bb{}\u00bb custom_padding__hover=\u00bb|||\u00bb][et_pb_wc_title _builder_version=\u00bb4.16&#8243; global_colors_info=\u00bb{}\u00bb][\/et_pb_wc_title][et_pb_wc_rating _builder_version=\u00bb4.16&#8243; global_colors_info=\u00bb{}\u00bb][\/et_pb_wc_rating][et_pb_wc_price _builder_version=\u00bb4.16&#8243; global_colors_info=\u00bb{}\u00bb][\/et_pb_wc_price][et_pb_wc_description _builder_version=\u00bb4.16&#8243; global_colors_info=\u00bb{}\u00bb][\/et_pb_wc_description][et_pb_wc_add_to_cart _builder_version=\u00bb4.16&#8243; global_colors_info=\u00bb{}\u00bb][\/et_pb_wc_add_to_cart][et_pb_wc_meta _builder_version=\u00bb4.16&#8243; global_colors_info=\u00bb{}\u00bb][\/et_pb_wc_meta][\/et_pb_column][\/et_pb_row][et_pb_row _builder_version=\u00bb4.16&#8243; background_size=\u00bbinitial\u00bb background_position=\u00bbtop_left\u00bb background_repeat=\u00bbrepeat\u00bb width=\u00bb100%\u00bb global_colors_info=\u00bb{}\u00bb][et_pb_column type=\u00bb4_4&#8243; _builder_version=\u00bb4.16&#8243; custom_padding=\u00bb|||\u00bb global_colors_info=\u00bb{}\u00bb custom_padding__hover=\u00bb|||\u00bb][et_pb_wc_tabs admin_label=\u00bbPesta\u00f1as de productos Woo\u00bb _builder_version=\u00bb4.25.1&#8243; global_colors_info=\u00bb{}\u00bb]\t\t\t\t\t[\/et_pb_wc_tabs][et_pb_wc_upsells _builder_version=\u00bb4.16&#8243; global_colors_info=\u00bb{}\u00bb][\/et_pb_wc_upsells][et_pb_wc_related_products _builder_version=\u00bb4.16&#8243; global_colors_info=\u00bb{}\u00bb][\/et_pb_wc_related_products][\/et_pb_column][\/et_pb_row][\/et_pb_section]<\/p>\n","protected":false},"excerpt":{"rendered":"<p>Conjunt format per 4 elements circulars, elaborats amb materials naturals i de textures diverses.<\/p>","protected":false},"featured_media":3727,"comment_status":"open","ping_status":"closed","template":"","meta":{"_et_pb_use_builder":"on","_et_pb_old_content":"Este pack ha sido pensado y dise\u00f1ado para ser complementado con el Niu: ampliando sus posibilidades y enriqueciendo la experiencia exploratoria. En a\u00f1adirle nuevos materiales, se ampl\u00edan las opciones de acci\u00f3n del beb\u00e9, quien podr\u00e1 descubrir nuevas formas de exploraci\u00f3n diversas que, a su vez, reforzar\u00e1n habilidades sensoriales, motoras y cognitivas.\r\n\r\nCada elemento que lo compone ha sido seleccionado por su calidad, tacto y belleza, as\u00ed como por su capacidad de ofrecer variedad de texturas naturales, con la finalidad de proporcionar una experiencia rica, aut\u00e9ntica y conectada con la naturaleza, evocando sensaciones.\r\n\r\nEs un conjunto ideal para acompa\u00f1ar al beb\u00e9 desde los primeros meses y a\u00f1os de vida, en sus primeros contactos con materiales org\u00e1nicos y seguros, desde una mirada natural, sensorial y evolutiva.\r\n\r\nCada disco invita al ni\u00f1@ a descubrir, manipular y explorar las diferentes propiedades sensoriales: t\u00e1ctiles, visuales y olfativas de los materiales naturales. Sus formas redondeadas y sus medidas peque\u00f1as favorecen un agarre c\u00f3modo, a la vez que estimulante de la motricidad fina y la coordinaci\u00f3n ocular-manual.\r\n\r\nSu composici\u00f3n de elementos abiertos permite que este pack evolucione con el ni\u00f1@, adapt\u00e1ndose a nuevas necesidades e intereses que van surgiendo a medida que el beb\u00e9 va creciendo. En los primeros meses, incluyendo los elementos dentro del Niu, se potencia la manipulaci\u00f3n libre, la discriminaci\u00f3n sensorial y el descubrimiento de sus atributos como: el peso, el sonido, la temperatura o el movimiento. Con el tiempo, los discos encuentran otro destino, adoptando nuevos usos y significados, al convertirse en piezas sueltas que forman parte de escenarios simb\u00f3licos y de mini-mundos: donde transformarse en monta\u00f1as, pueblecitos, bosques, casas, caba\u00f1as, refugios, monumentos, etc.\r\n\r\nTanto los elementos de madera como los naturales conservan las vetas y tonalidades propias de su naturaleza, peculiaridades que hacen que cada modelo sea \u00fanico y especial.\r\n\r\nEste pack incluye:\r\n\r\n<u>ELEMENTOS NATURALES\r\n<\/u>1. Disco de algod\u00f3n - 9 cm \u00d8.\r\n1. Disco de bamb\u00fa - 10 cm \u00d8.\r\n1. Disco de enea o thypa - 10 cm \u00d8.\r\n1. Disco de madera jempini - 6 a 9 cm \u00d8.\r\n\r\n*Se entrega en bolsa de algod\u00f3n incluida en el precio.","_et_gb_content_width":""},"product_brand":[],"product_cat":[44,32,42,63,45,38,41],"product_tag":[],"class_list":{"0":"post-3723","1":"product","2":"type-product","3":"status-publish","4":"has-post-thumbnail","6":"product_cat-de-3-anos-edad","7":"product_cat-0-2-anos","8":"product_cat-edad","9":"product_cat-elementos-de-madera","10":"product_cat-elementos-naturales","11":"product_cat-packs-niu","12":"product_cat-todos-los-productos","14":"first","15":"instock","16":"taxable","17":"shipping-taxable","18":"purchasable","19":"product-type-simple"},"yoast_head":"<!-- This site is optimized with the Yoast SEO plugin v27.0 - https:\/\/yoast.com\/product\/yoast-seo-wordpress\/ -->\n<title>Pack Niu - Esfera - Mil Nius<\/title>\n<meta name=\"robots\" content=\"index, follow, max-snippet:-1, max-image-preview:large, max-video-preview:-1\" \/>\n<link rel=\"canonical\" href=\"https:\/\/milnius.com\/ca\/product\/pack-niu-esfera\/\" \/>\n<meta property=\"og:locale\" content=\"ca_ES\" \/>\n<meta property=\"og:type\" content=\"article\" \/>\n<meta property=\"og:title\" content=\"Pack Niu - Esfera - Mil Nius\" \/>\n<meta property=\"og:description\" content=\"Conjunto formado por 4 elementos circulares, elaborados con materiales naturales y de texturas diversas.\" \/>\n<meta property=\"og:url\" content=\"https:\/\/milnius.com\/ca\/product\/pack-niu-esfera\/\" \/>\n<meta property=\"og:site_name\" content=\"Mil Nius\" \/>\n<meta property=\"article:modified_time\" content=\"2026-04-15T23:54:11+00:00\" \/>\n<meta property=\"og:image\" content=\"https:\/\/milnius.com\/wp-content\/uploads\/2025\/11\/pack_esfera.jpg\" \/>\n\t<meta property=\"og:image:width\" content=\"1024\" \/>\n\t<meta property=\"og:image:height\" content=\"1024\" \/>\n\t<meta property=\"og:image:type\" content=\"image\/jpeg\" \/>\n<meta name=\"twitter:card\" content=\"summary_large_image\" \/>\n<meta name=\"twitter:label1\" content=\"Temps estimat de lectura\" \/>\n\t<meta name=\"twitter:data1\" content=\"2 minuts\" \/>\n<script type=\"application\/ld+json\" class=\"yoast-schema-graph\">{\"@context\":\"https:\/\/schema.org\",\"@graph\":[{\"@type\":\"WebPage\",\"@id\":\"https:\/\/milnius.com\/product\/pack-niu-esfera\/\",\"url\":\"https:\/\/milnius.com\/product\/pack-niu-esfera\/\",\"name\":\"Pack Niu - Esfera - Mil Nius\",\"isPartOf\":{\"@id\":\"https:\/\/milnius.com\/#website\"},\"primaryImageOfPage\":{\"@id\":\"https:\/\/milnius.com\/product\/pack-niu-esfera\/#primaryimage\"},\"image\":{\"@id\":\"https:\/\/milnius.com\/product\/pack-niu-esfera\/#primaryimage\"},\"thumbnailUrl\":\"https:\/\/milnius.com\/wp-content\/uploads\/2025\/11\/pack_esfera.jpg\",\"datePublished\":\"2025-11-01T11:49:37+00:00\",\"dateModified\":\"2026-04-15T23:54:11+00:00\",\"breadcrumb\":{\"@id\":\"https:\/\/milnius.com\/product\/pack-niu-esfera\/#breadcrumb\"},\"inLanguage\":\"ca\",\"potentialAction\":[{\"@type\":\"ReadAction\",\"target\":[\"https:\/\/milnius.com\/product\/pack-niu-esfera\/\"]}]},{\"@type\":\"ImageObject\",\"inLanguage\":\"ca\",\"@id\":\"https:\/\/milnius.com\/product\/pack-niu-esfera\/#primaryimage\",\"url\":\"https:\/\/milnius.com\/wp-content\/uploads\/2025\/11\/pack_esfera.jpg\",\"contentUrl\":\"https:\/\/milnius.com\/wp-content\/uploads\/2025\/11\/pack_esfera.jpg\",\"width\":1024,\"height\":1024},{\"@type\":\"BreadcrumbList\",\"@id\":\"https:\/\/milnius.com\/product\/pack-niu-esfera\/#breadcrumb\",\"itemListElement\":[{\"@type\":\"ListItem\",\"position\":1,\"name\":\"Portada\",\"item\":\"https:\/\/milnius.com\/\"},{\"@type\":\"ListItem\",\"position\":2,\"name\":\"Nuestra tienda\",\"item\":\"https:\/\/milnius.com\/shop\/\"},{\"@type\":\"ListItem\",\"position\":3,\"name\":\"Pack Niu &#8211; Esfera\"}]},{\"@type\":\"WebSite\",\"@id\":\"https:\/\/milnius.com\/#website\",\"url\":\"https:\/\/milnius.com\/\",\"name\":\"Mil Nius\",\"description\":\"Materiales sensoriales naturales para ni\u00f1@s\",\"potentialAction\":[{\"@type\":\"SearchAction\",\"target\":{\"@type\":\"EntryPoint\",\"urlTemplate\":\"https:\/\/milnius.com\/?s={search_term_string}\"},\"query-input\":{\"@type\":\"PropertyValueSpecification\",\"valueRequired\":true,\"valueName\":\"search_term_string\"}}],\"inLanguage\":\"ca\"}]}<\/script>\n<!-- \/ Yoast SEO plugin. -->","yoast_head_json":{"title":"Pack Niu - Esfera - Mil Nius","robots":{"index":"index","follow":"follow","max-snippet":"max-snippet:-1","max-image-preview":"max-image-preview:large","max-video-preview":"max-video-preview:-1"},"canonical":"https:\/\/milnius.com\/ca\/product\/pack-niu-esfera\/","og_locale":"ca_ES","og_type":"article","og_title":"Pack Niu - Esfera - Mil Nius","og_description":"Conjunto formado por 4 elementos circulares, elaborados con materiales naturales y de texturas diversas.","og_url":"https:\/\/milnius.com\/ca\/product\/pack-niu-esfera\/","og_site_name":"Mil Nius","article_modified_time":"2026-04-15T23:54:11+00:00","og_image":[{"width":1024,"height":1024,"url":"https:\/\/milnius.com\/wp-content\/uploads\/2025\/11\/pack_esfera.jpg","type":"image\/jpeg"}],"twitter_card":"summary_large_image","twitter_misc":{"Temps estimat de lectura":"2 minuts"},"schema":{"@context":"https:\/\/schema.org","@graph":[{"@type":"WebPage","@id":"https:\/\/milnius.com\/product\/pack-niu-esfera\/","url":"https:\/\/milnius.com\/product\/pack-niu-esfera\/","name":"Pack Niu - Esfera - Mil Nius","isPartOf":{"@id":"https:\/\/milnius.com\/#website"},"primaryImageOfPage":{"@id":"https:\/\/milnius.com\/product\/pack-niu-esfera\/#primaryimage"},"image":{"@id":"https:\/\/milnius.com\/product\/pack-niu-esfera\/#primaryimage"},"thumbnailUrl":"https:\/\/milnius.com\/wp-content\/uploads\/2025\/11\/pack_esfera.jpg","datePublished":"2025-11-01T11:49:37+00:00","dateModified":"2026-04-15T23:54:11+00:00","breadcrumb":{"@id":"https:\/\/milnius.com\/product\/pack-niu-esfera\/#breadcrumb"},"inLanguage":"ca","potentialAction":[{"@type":"ReadAction","target":["https:\/\/milnius.com\/product\/pack-niu-esfera\/"]}]},{"@type":"ImageObject","inLanguage":"ca","@id":"https:\/\/milnius.com\/product\/pack-niu-esfera\/#primaryimage","url":"https:\/\/milnius.com\/wp-content\/uploads\/2025\/11\/pack_esfera.jpg","contentUrl":"https:\/\/milnius.com\/wp-content\/uploads\/2025\/11\/pack_esfera.jpg","width":1024,"height":1024},{"@type":"BreadcrumbList","@id":"https:\/\/milnius.com\/product\/pack-niu-esfera\/#breadcrumb","itemListElement":[{"@type":"ListItem","position":1,"name":"Portada","item":"https:\/\/milnius.com\/"},{"@type":"ListItem","position":2,"name":"Nuestra tienda","item":"https:\/\/milnius.com\/shop\/"},{"@type":"ListItem","position":3,"name":"Pack Niu &#8211; Esfera"}]},{"@type":"WebSite","@id":"https:\/\/milnius.com\/#website","url":"https:\/\/milnius.com\/","name":"Mil Nius","description":"Materiales sensoriales naturales para ni\u00f1@s","potentialAction":[{"@type":"SearchAction","target":{"@type":"EntryPoint","urlTemplate":"https:\/\/milnius.com\/?s={search_term_string}"},"query-input":{"@type":"PropertyValueSpecification","valueRequired":true,"valueName":"search_term_string"}}],"inLanguage":"ca"}]}},"_links":{"self":[{"href":"https:\/\/milnius.com\/ca\/wp-json\/wp\/v2\/product\/3723","targetHints":{"allow":["GET"]}}],"collection":[{"href":"https:\/\/milnius.com\/ca\/wp-json\/wp\/v2\/product"}],"about":[{"href":"https:\/\/milnius.com\/ca\/wp-json\/wp\/v2\/types\/product"}],"replies":[{"embeddable":true,"href":"https:\/\/milnius.com\/ca\/wp-json\/wp\/v2\/comments?post=3723"}],"wp:featuredmedia":[{"embeddable":true,"href":"https:\/\/milnius.com\/ca\/wp-json\/wp\/v2\/media\/3727"}],"wp:attachment":[{"href":"https:\/\/milnius.com\/ca\/wp-json\/wp\/v2\/media?parent=3723"}],"wp:term":[{"taxonomy":"product_brand","embeddable":true,"href":"https:\/\/milnius.com\/ca\/wp-json\/wp\/v2\/product_brand?post=3723"},{"taxonomy":"product_cat","embeddable":true,"href":"https:\/\/milnius.com\/ca\/wp-json\/wp\/v2\/product_cat?post=3723"},{"taxonomy":"product_tag","embeddable":true,"href":"https:\/\/milnius.com\/ca\/wp-json\/wp\/v2\/product_tag?post=3723"}],"curies":[{"name":"wp","href":"https:\/\/api.w.org\/{rel}","templated":true}]}}