{"id":3715,"date":"2025-10-27T10:32:15","date_gmt":"2025-10-27T09:32:15","guid":{"rendered":"https:\/\/milnius.com\/?post_type=product&#038;p=3715"},"modified":"2026-04-16T02:01:49","modified_gmt":"2026-04-16T00:01:49","slug":"encaje-cilindros-de-madera-natural","status":"publish","type":"product","link":"https:\/\/milnius.com\/ca\/product\/encaje-cilindros-de-madera-natural\/","title":{"rendered":"Encaix de cilindres de fusta"},"content":{"rendered":"<p>[et_pb_section fb_built=\u00bb1&#8243; _builder_version=\u00bb4.16&#8243; custom_padding=\u00bb0px||||false|false\u00bb global_colors_info=\u00bb{}\u00bb][et_pb_row _builder_version=\u00bb4.16&#8243; background_size=\u00bbinitial\u00bb background_position=\u00bbtop_left\u00bb background_repeat=\u00bbrepeat\u00bb width=\u00bb100%\u00bb custom_padding=\u00bb0px||0px||false|false\u00bb global_colors_info=\u00bb{}\u00bb][et_pb_column type=\u00bb4_4&#8243; _builder_version=\u00bb4.16&#8243; custom_padding=\u00bb|||\u00bb global_colors_info=\u00bb{}\u00bb custom_padding__hover=\u00bb|||\u00bb][et_pb_wc_breadcrumb _builder_version=\u00bb4.16&#8243; global_colors_info=\u00bb{}\u00bb][\/et_pb_wc_breadcrumb][et_pb_wc_cart_notice _builder_version=\u00bb4.16&#8243; global_colors_info=\u00bb{}\u00bb][\/et_pb_wc_cart_notice][\/et_pb_column][\/et_pb_row][et_pb_row column_structure=\u00bb1_2,1_2&#8243; _builder_version=\u00bb4.16&#8243; background_size=\u00bbinitial\u00bb background_position=\u00bbtop_left\u00bb background_repeat=\u00bbrepeat\u00bb width=\u00bb100%\u00bb custom_padding=\u00bb0px||||false|false\u00bb global_colors_info=\u00bb{}\u00bb][et_pb_column type=\u00bb1_2&#8243; _builder_version=\u00bb4.16&#8243; custom_padding=\u00bb|||\u00bb global_colors_info=\u00bb{}\u00bb custom_padding__hover=\u00bb|||\u00bb][et_pb_wc_images _builder_version=\u00bb4.25.1&#8243; global_colors_info=\u00bb{}\u00bb][\/et_pb_wc_images][\/et_pb_column][et_pb_column type=\u00bb1_2&#8243; _builder_version=\u00bb4.16&#8243; custom_padding=\u00bb|||\u00bb global_colors_info=\u00bb{}\u00bb custom_padding__hover=\u00bb|||\u00bb][et_pb_wc_title _builder_version=\u00bb4.16&#8243; global_colors_info=\u00bb{}\u00bb][\/et_pb_wc_title][et_pb_wc_rating _builder_version=\u00bb4.16&#8243; global_colors_info=\u00bb{}\u00bb][\/et_pb_wc_rating][et_pb_wc_price _builder_version=\u00bb4.16&#8243; global_colors_info=\u00bb{}\u00bb][\/et_pb_wc_price][et_pb_wc_description _builder_version=\u00bb4.16&#8243; global_colors_info=\u00bb{}\u00bb][\/et_pb_wc_description][et_pb_wc_add_to_cart _builder_version=\u00bb4.16&#8243; global_colors_info=\u00bb{}\u00bb][\/et_pb_wc_add_to_cart][et_pb_wc_meta _builder_version=\u00bb4.16&#8243; global_colors_info=\u00bb{}\u00bb][\/et_pb_wc_meta][\/et_pb_column][\/et_pb_row][et_pb_row _builder_version=\u00bb4.16&#8243; background_size=\u00bbinitial\u00bb background_position=\u00bbtop_left\u00bb background_repeat=\u00bbrepeat\u00bb width=\u00bb100%\u00bb global_colors_info=\u00bb{}\u00bb][et_pb_column type=\u00bb4_4&#8243; _builder_version=\u00bb4.16&#8243; custom_padding=\u00bb|||\u00bb global_colors_info=\u00bb{}\u00bb custom_padding__hover=\u00bb|||\u00bb][et_pb_wc_tabs _builder_version=\u00bb4.16&#8243; global_colors_info=\u00bb{}\u00bb]\t\t\t\t\t[\/et_pb_wc_tabs][et_pb_wc_upsells _builder_version=\u00bb4.16&#8243; global_colors_info=\u00bb{}\u00bb][\/et_pb_wc_upsells][et_pb_wc_related_products _builder_version=\u00bb4.16&#8243; global_colors_info=\u00bb{}\u00bb][\/et_pb_wc_related_products][\/et_pb_column][\/et_pb_row][\/et_pb_section]<\/p>\n","protected":false},"excerpt":{"rendered":"<p>Encaix de tres cilindres, de diferents di\u00e0metres, sobre base rectangular.<\/p>","protected":false},"featured_media":3716,"comment_status":"open","ping_status":"closed","template":"","meta":{"_et_pb_use_builder":"on","_et_pb_old_content":"Encaje sencillo y robusto, formado por una base de madera natural y tres cilindros extra\u00edbles, elaborados y pulidos artesanalmente, con diferentes tipolog\u00edas de madera que aportan variedad de tonalidades.\r\n\r\nLos cilindros, de grosores diversos y progresivos, se ajustan con precisi\u00f3n dentro de los agujeros de la base, invitando al ni\u00f1@ a manipular, probar, encajar y extraer f\u00e1cilmente y con dicha intenci\u00f3n y finalidad. En las tres medidas, los cilindros favorecen un agarre f\u00e1cil y c\u00f3modo.\r\n\r\nFabricado con madera de alta calidad, sin barnices ni tintes artificiales, este encaje conserva las vetas y los colores naturales de cada pieza. Su acabado suave garantiza un tacto c\u00e1lido, agradable y seguro para las manos peque\u00f1as.\r\n\r\nPoco a poco, el ni\u00f1@ ir\u00e1 aprendiendo a ajustar su fuerza, controlando el movimiento de la mano y de los dedos y podr\u00e1 anticipar la relaci\u00f3n entre cada pieza y su vac\u00edo correspondiente, poniendo en pr\u00e1ctica nociones b\u00e1sicas de l\u00f3gico-matem\u00e1tica y orientaci\u00f3n espacial.\r\nCon el tiempo, las piezas incluso la base del encaje pueden convertirse en elementos activos en el juego libre y ser incorporados en el juego simb\u00f3lico: pueden ser torres, cases, refugios, cuevas, palos, as\u00ed como otros elementos naturales dentro de mini-mundos y escenarios de creaci\u00f3n; \u00a1Y todo aquello que posibilite la creatividad y la imaginaci\u00f3n!","_et_gb_content_width":""},"product_brand":[],"product_cat":[44,32,42,63,68,41],"product_tag":[],"class_list":{"0":"post-3715","1":"product","2":"type-product","3":"status-publish","4":"has-post-thumbnail","6":"product_cat-de-3-anos-edad","7":"product_cat-0-2-anos","8":"product_cat-edad","9":"product_cat-elementos-de-madera","10":"product_cat-primeros-encajes","11":"product_cat-todos-los-productos","13":"first","14":"instock","15":"taxable","16":"shipping-taxable","17":"purchasable","18":"product-type-simple"},"yoast_head":"<!-- This site is optimized with the Yoast SEO plugin v27.0 - https:\/\/yoast.com\/product\/yoast-seo-wordpress\/ -->\n<title>Encaje cilindros de madera - Mil Nius<\/title>\n<meta name=\"robots\" content=\"index, follow, max-snippet:-1, max-image-preview:large, max-video-preview:-1\" \/>\n<link rel=\"canonical\" href=\"https:\/\/milnius.com\/ca\/product\/encaje-cilindros-de-madera-natural\/\" \/>\n<meta property=\"og:locale\" content=\"ca_ES\" \/>\n<meta property=\"og:type\" content=\"article\" \/>\n<meta property=\"og:title\" content=\"Encaje cilindros de madera - Mil Nius\" \/>\n<meta property=\"og:description\" content=\"Encaje de tres cilindros, de diferentes di\u00e1metros, sobre base rectangular.\" \/>\n<meta property=\"og:url\" content=\"https:\/\/milnius.com\/ca\/product\/encaje-cilindros-de-madera-natural\/\" \/>\n<meta property=\"og:site_name\" content=\"Mil Nius\" \/>\n<meta property=\"article:modified_time\" content=\"2026-04-16T00:01:49+00:00\" \/>\n<meta property=\"og:image\" content=\"https:\/\/milnius.com\/wp-content\/uploads\/2025\/10\/encaixcilindres.jpg\" \/>\n\t<meta property=\"og:image:width\" content=\"493\" \/>\n\t<meta property=\"og:image:height\" content=\"484\" \/>\n\t<meta property=\"og:image:type\" content=\"image\/jpeg\" \/>\n<meta name=\"twitter:card\" content=\"summary_large_image\" \/>\n<meta name=\"twitter:label1\" content=\"Temps estimat de lectura\" \/>\n\t<meta name=\"twitter:data1\" content=\"2 minuts\" \/>\n<script type=\"application\/ld+json\" class=\"yoast-schema-graph\">{\"@context\":\"https:\/\/schema.org\",\"@graph\":[{\"@type\":\"WebPage\",\"@id\":\"https:\/\/milnius.com\/product\/encaje-cilindros-de-madera-natural\/\",\"url\":\"https:\/\/milnius.com\/product\/encaje-cilindros-de-madera-natural\/\",\"name\":\"Encaje cilindros de madera - Mil Nius\",\"isPartOf\":{\"@id\":\"https:\/\/milnius.com\/#website\"},\"primaryImageOfPage\":{\"@id\":\"https:\/\/milnius.com\/product\/encaje-cilindros-de-madera-natural\/#primaryimage\"},\"image\":{\"@id\":\"https:\/\/milnius.com\/product\/encaje-cilindros-de-madera-natural\/#primaryimage\"},\"thumbnailUrl\":\"https:\/\/milnius.com\/wp-content\/uploads\/2025\/10\/encaixcilindres.jpg\",\"datePublished\":\"2025-10-27T09:32:15+00:00\",\"dateModified\":\"2026-04-16T00:01:49+00:00\",\"breadcrumb\":{\"@id\":\"https:\/\/milnius.com\/product\/encaje-cilindros-de-madera-natural\/#breadcrumb\"},\"inLanguage\":\"ca\",\"potentialAction\":[{\"@type\":\"ReadAction\",\"target\":[\"https:\/\/milnius.com\/product\/encaje-cilindros-de-madera-natural\/\"]}]},{\"@type\":\"ImageObject\",\"inLanguage\":\"ca\",\"@id\":\"https:\/\/milnius.com\/product\/encaje-cilindros-de-madera-natural\/#primaryimage\",\"url\":\"https:\/\/milnius.com\/wp-content\/uploads\/2025\/10\/encaixcilindres.jpg\",\"contentUrl\":\"https:\/\/milnius.com\/wp-content\/uploads\/2025\/10\/encaixcilindres.jpg\",\"width\":493,\"height\":484},{\"@type\":\"BreadcrumbList\",\"@id\":\"https:\/\/milnius.com\/product\/encaje-cilindros-de-madera-natural\/#breadcrumb\",\"itemListElement\":[{\"@type\":\"ListItem\",\"position\":1,\"name\":\"Portada\",\"item\":\"https:\/\/milnius.com\/\"},{\"@type\":\"ListItem\",\"position\":2,\"name\":\"Nuestra tienda\",\"item\":\"https:\/\/milnius.com\/shop\/\"},{\"@type\":\"ListItem\",\"position\":3,\"name\":\"Encaje cilindros de madera\"}]},{\"@type\":\"WebSite\",\"@id\":\"https:\/\/milnius.com\/#website\",\"url\":\"https:\/\/milnius.com\/\",\"name\":\"Mil Nius\",\"description\":\"Materiales sensoriales naturales para ni\u00f1@s\",\"potentialAction\":[{\"@type\":\"SearchAction\",\"target\":{\"@type\":\"EntryPoint\",\"urlTemplate\":\"https:\/\/milnius.com\/?s={search_term_string}\"},\"query-input\":{\"@type\":\"PropertyValueSpecification\",\"valueRequired\":true,\"valueName\":\"search_term_string\"}}],\"inLanguage\":\"ca\"}]}<\/script>\n<!-- \/ Yoast SEO plugin. -->","yoast_head_json":{"title":"Encaje cilindros de madera - Mil Nius","robots":{"index":"index","follow":"follow","max-snippet":"max-snippet:-1","max-image-preview":"max-image-preview:large","max-video-preview":"max-video-preview:-1"},"canonical":"https:\/\/milnius.com\/ca\/product\/encaje-cilindros-de-madera-natural\/","og_locale":"ca_ES","og_type":"article","og_title":"Encaje cilindros de madera - Mil Nius","og_description":"Encaje de tres cilindros, de diferentes di\u00e1metros, sobre base rectangular.","og_url":"https:\/\/milnius.com\/ca\/product\/encaje-cilindros-de-madera-natural\/","og_site_name":"Mil Nius","article_modified_time":"2026-04-16T00:01:49+00:00","og_image":[{"width":493,"height":484,"url":"https:\/\/milnius.com\/wp-content\/uploads\/2025\/10\/encaixcilindres.jpg","type":"image\/jpeg"}],"twitter_card":"summary_large_image","twitter_misc":{"Temps estimat de lectura":"2 minuts"},"schema":{"@context":"https:\/\/schema.org","@graph":[{"@type":"WebPage","@id":"https:\/\/milnius.com\/product\/encaje-cilindros-de-madera-natural\/","url":"https:\/\/milnius.com\/product\/encaje-cilindros-de-madera-natural\/","name":"Encaje cilindros de madera - Mil Nius","isPartOf":{"@id":"https:\/\/milnius.com\/#website"},"primaryImageOfPage":{"@id":"https:\/\/milnius.com\/product\/encaje-cilindros-de-madera-natural\/#primaryimage"},"image":{"@id":"https:\/\/milnius.com\/product\/encaje-cilindros-de-madera-natural\/#primaryimage"},"thumbnailUrl":"https:\/\/milnius.com\/wp-content\/uploads\/2025\/10\/encaixcilindres.jpg","datePublished":"2025-10-27T09:32:15+00:00","dateModified":"2026-04-16T00:01:49+00:00","breadcrumb":{"@id":"https:\/\/milnius.com\/product\/encaje-cilindros-de-madera-natural\/#breadcrumb"},"inLanguage":"ca","potentialAction":[{"@type":"ReadAction","target":["https:\/\/milnius.com\/product\/encaje-cilindros-de-madera-natural\/"]}]},{"@type":"ImageObject","inLanguage":"ca","@id":"https:\/\/milnius.com\/product\/encaje-cilindros-de-madera-natural\/#primaryimage","url":"https:\/\/milnius.com\/wp-content\/uploads\/2025\/10\/encaixcilindres.jpg","contentUrl":"https:\/\/milnius.com\/wp-content\/uploads\/2025\/10\/encaixcilindres.jpg","width":493,"height":484},{"@type":"BreadcrumbList","@id":"https:\/\/milnius.com\/product\/encaje-cilindros-de-madera-natural\/#breadcrumb","itemListElement":[{"@type":"ListItem","position":1,"name":"Portada","item":"https:\/\/milnius.com\/"},{"@type":"ListItem","position":2,"name":"Nuestra tienda","item":"https:\/\/milnius.com\/shop\/"},{"@type":"ListItem","position":3,"name":"Encaje cilindros de madera"}]},{"@type":"WebSite","@id":"https:\/\/milnius.com\/#website","url":"https:\/\/milnius.com\/","name":"Mil Nius","description":"Materiales sensoriales naturales para ni\u00f1@s","potentialAction":[{"@type":"SearchAction","target":{"@type":"EntryPoint","urlTemplate":"https:\/\/milnius.com\/?s={search_term_string}"},"query-input":{"@type":"PropertyValueSpecification","valueRequired":true,"valueName":"search_term_string"}}],"inLanguage":"ca"}]}},"_links":{"self":[{"href":"https:\/\/milnius.com\/ca\/wp-json\/wp\/v2\/product\/3715","targetHints":{"allow":["GET"]}}],"collection":[{"href":"https:\/\/milnius.com\/ca\/wp-json\/wp\/v2\/product"}],"about":[{"href":"https:\/\/milnius.com\/ca\/wp-json\/wp\/v2\/types\/product"}],"replies":[{"embeddable":true,"href":"https:\/\/milnius.com\/ca\/wp-json\/wp\/v2\/comments?post=3715"}],"wp:featuredmedia":[{"embeddable":true,"href":"https:\/\/milnius.com\/ca\/wp-json\/wp\/v2\/media\/3716"}],"wp:attachment":[{"href":"https:\/\/milnius.com\/ca\/wp-json\/wp\/v2\/media?parent=3715"}],"wp:term":[{"taxonomy":"product_brand","embeddable":true,"href":"https:\/\/milnius.com\/ca\/wp-json\/wp\/v2\/product_brand?post=3715"},{"taxonomy":"product_cat","embeddable":true,"href":"https:\/\/milnius.com\/ca\/wp-json\/wp\/v2\/product_cat?post=3715"},{"taxonomy":"product_tag","embeddable":true,"href":"https:\/\/milnius.com\/ca\/wp-json\/wp\/v2\/product_tag?post=3715"}],"curies":[{"name":"wp","href":"https:\/\/api.w.org\/{rel}","templated":true}]}}