{"id":3392,"date":"2025-07-18T18:09:13","date_gmt":"2025-07-18T16:09:13","guid":{"rendered":"https:\/\/milnius.com\/?post_type=product&#038;p=3392"},"modified":"2026-04-20T00:24:09","modified_gmt":"2026-04-19T22:24:09","slug":"rodari-de-madera-natural-y-cascabel","status":"publish","type":"product","link":"https:\/\/milnius.com\/ca\/product\/rodari-de-madera-natural-y-cascabel\/","title":{"rendered":"Rodari de fusta amb cascavell"},"content":{"rendered":"<p>[et_pb_section fb_built=\u00bb1&#8243; _builder_version=\u00bb4.16&#8243; custom_padding=\u00bb0px||||false|false\u00bb global_colors_info=\u00bb{}\u00bb][et_pb_row _builder_version=\u00bb4.16&#8243; background_size=\u00bbinitial\u00bb background_position=\u00bbtop_left\u00bb background_repeat=\u00bbrepeat\u00bb width=\u00bb100%\u00bb custom_padding=\u00bb0px||0px||false|false\u00bb global_colors_info=\u00bb{}\u00bb][et_pb_column type=\u00bb4_4&#8243; _builder_version=\u00bb4.16&#8243; custom_padding=\u00bb|||\u00bb global_colors_info=\u00bb{}\u00bb custom_padding__hover=\u00bb|||\u00bb][et_pb_wc_breadcrumb _builder_version=\u00bb4.16&#8243; global_colors_info=\u00bb{}\u00bb][\/et_pb_wc_breadcrumb][et_pb_wc_cart_notice _builder_version=\u00bb4.16&#8243; global_colors_info=\u00bb{}\u00bb][\/et_pb_wc_cart_notice][\/et_pb_column][\/et_pb_row][et_pb_row column_structure=\u00bb1_2,1_2&#8243; _builder_version=\u00bb4.16&#8243; background_size=\u00bbinitial\u00bb background_position=\u00bbtop_left\u00bb background_repeat=\u00bbrepeat\u00bb width=\u00bb100%\u00bb custom_padding=\u00bb0px||||false|false\u00bb global_colors_info=\u00bb{}\u00bb][et_pb_column type=\u00bb1_2&#8243; _builder_version=\u00bb4.16&#8243; custom_padding=\u00bb|||\u00bb global_colors_info=\u00bb{}\u00bb custom_padding__hover=\u00bb|||\u00bb][et_pb_wc_images _builder_version=\u00bb4.25.1&#8243; global_colors_info=\u00bb{}\u00bb][\/et_pb_wc_images][\/et_pb_column][et_pb_column type=\u00bb1_2&#8243; _builder_version=\u00bb4.16&#8243; custom_padding=\u00bb|||\u00bb global_colors_info=\u00bb{}\u00bb custom_padding__hover=\u00bb|||\u00bb][et_pb_wc_title _builder_version=\u00bb4.16&#8243; global_colors_info=\u00bb{}\u00bb][\/et_pb_wc_title][et_pb_wc_rating _builder_version=\u00bb4.16&#8243; global_colors_info=\u00bb{}\u00bb][\/et_pb_wc_rating][et_pb_wc_price _builder_version=\u00bb4.16&#8243; global_colors_info=\u00bb{}\u00bb][\/et_pb_wc_price][et_pb_wc_description _builder_version=\u00bb4.16&#8243; global_colors_info=\u00bb{}\u00bb][\/et_pb_wc_description][et_pb_wc_add_to_cart _builder_version=\u00bb4.25.1&#8243; global_colors_info=\u00bb{}\u00bb][\/et_pb_wc_add_to_cart][et_pb_wc_meta _builder_version=\u00bb4.25.1&#8243; _module_preset=\u00bbdefault\u00bb global_colors_info=\u00bb{}\u00bb][\/et_pb_wc_meta][\/et_pb_column][\/et_pb_row][et_pb_row _builder_version=\u00bb4.16&#8243; background_size=\u00bbinitial\u00bb background_position=\u00bbtop_left\u00bb background_repeat=\u00bbrepeat\u00bb width=\u00bb100%\u00bb global_colors_info=\u00bb{}\u00bb][et_pb_column type=\u00bb4_4&#8243; _builder_version=\u00bb4.16&#8243; custom_padding=\u00bb|||\u00bb global_colors_info=\u00bb{}\u00bb custom_padding__hover=\u00bb|||\u00bb][et_pb_wc_tabs _builder_version=\u00bb4.16&#8243; global_colors_info=\u00bb{}\u00bb] [\/et_pb_wc_tabs][et_pb_wc_upsells _builder_version=\u00bb4.16&#8243; global_colors_info=\u00bb{}\u00bb][\/et_pb_wc_upsells][et_pb_wc_related_products _builder_version=\u00bb4.16&#8243; global_colors_info=\u00bb{}\u00bb][\/et_pb_wc_related_products][\/et_pb_column][\/et_pb_row][\/et_pb_section]<\/p>\n","protected":false},"excerpt":{"rendered":"<p>Rodari de faig natural, amb dues boles de fusta i un cascavell met\u00e0l\u00b7lic a l'interior.<\/p>","protected":false},"featured_media":3393,"comment_status":"open","ping_status":"closed","template":"","meta":{"_et_pb_use_builder":"on","_et_pb_old_content":"Las bolas de madera y el cascabel emiten sonidos al sacudirlo y al hacerlo rodar por el suelo. Su forma alargada y sus dimensiones est\u00e1n pensadas para favorecer el agarre espontaneo, fomentando la motricidad fina y la coordinaci\u00f3n mano - ojo. Adem\u00e1s, despierta la curiosidad innata del beb\u00e9 gracias a la combinaci\u00f3n de sonidos y movimientos, de los cuales permite ver su procedencia. Un elemento vers\u00e1til para las primeras exploraciones y \u00a0estimulante del desplazamiento del beb\u00e9.","_et_gb_content_width":""},"product_brand":[],"product_cat":[31,40,41],"product_tag":[],"class_list":{"0":"post-3392","1":"product","2":"type-product","3":"status-publish","4":"has-post-thumbnail","6":"product_cat-0-1-anos","7":"product_cat-rodari","8":"product_cat-todos-los-productos","10":"first","11":"outofstock","12":"featured","13":"taxable","14":"shipping-taxable","15":"purchasable","16":"product-type-simple"},"yoast_head":"<!-- This site is optimized with the Yoast SEO plugin v27.0 - https:\/\/yoast.com\/product\/yoast-seo-wordpress\/ -->\n<title>Rodari de madera con cascabel - Mil Nius<\/title>\n<meta name=\"robots\" content=\"index, follow, max-snippet:-1, max-image-preview:large, max-video-preview:-1\" \/>\n<link rel=\"canonical\" href=\"https:\/\/milnius.com\/ca\/product\/rodari-de-madera-natural-y-cascabel\/\" \/>\n<meta property=\"og:locale\" content=\"ca_ES\" \/>\n<meta property=\"og:type\" content=\"article\" \/>\n<meta property=\"og:title\" content=\"Rodari de madera con cascabel - Mil Nius\" \/>\n<meta property=\"og:description\" content=\"Rodari de haya natural, con dos bolas de madera y un cascabel met\u00e1lico en el interior.\" \/>\n<meta property=\"og:url\" content=\"https:\/\/milnius.com\/ca\/product\/rodari-de-madera-natural-y-cascabel\/\" \/>\n<meta property=\"og:site_name\" content=\"Mil Nius\" \/>\n<meta property=\"article:modified_time\" content=\"2026-04-19T22:24:09+00:00\" \/>\n<meta property=\"og:image\" content=\"https:\/\/milnius.com\/wp-content\/uploads\/2025\/07\/rodaricascavell_ENR.jpg\" \/>\n\t<meta property=\"og:image:width\" content=\"2048\" \/>\n\t<meta property=\"og:image:height\" content=\"1356\" \/>\n\t<meta property=\"og:image:type\" content=\"image\/jpeg\" \/>\n<meta name=\"twitter:card\" content=\"summary_large_image\" \/>\n<meta name=\"twitter:label1\" content=\"Temps estimat de lectura\" \/>\n\t<meta name=\"twitter:data1\" content=\"2 minuts\" \/>\n<script type=\"application\/ld+json\" class=\"yoast-schema-graph\">{\"@context\":\"https:\/\/schema.org\",\"@graph\":[{\"@type\":\"WebPage\",\"@id\":\"https:\/\/milnius.com\/product\/rodari-de-madera-natural-y-cascabel\/\",\"url\":\"https:\/\/milnius.com\/product\/rodari-de-madera-natural-y-cascabel\/\",\"name\":\"Rodari de madera con cascabel - Mil Nius\",\"isPartOf\":{\"@id\":\"https:\/\/milnius.com\/#website\"},\"primaryImageOfPage\":{\"@id\":\"https:\/\/milnius.com\/product\/rodari-de-madera-natural-y-cascabel\/#primaryimage\"},\"image\":{\"@id\":\"https:\/\/milnius.com\/product\/rodari-de-madera-natural-y-cascabel\/#primaryimage\"},\"thumbnailUrl\":\"https:\/\/milnius.com\/wp-content\/uploads\/2025\/07\/rodaricascavell_ENR.jpg\",\"datePublished\":\"2025-07-18T16:09:13+00:00\",\"dateModified\":\"2026-04-19T22:24:09+00:00\",\"breadcrumb\":{\"@id\":\"https:\/\/milnius.com\/product\/rodari-de-madera-natural-y-cascabel\/#breadcrumb\"},\"inLanguage\":\"ca\",\"potentialAction\":[{\"@type\":\"ReadAction\",\"target\":[\"https:\/\/milnius.com\/product\/rodari-de-madera-natural-y-cascabel\/\"]}]},{\"@type\":\"ImageObject\",\"inLanguage\":\"ca\",\"@id\":\"https:\/\/milnius.com\/product\/rodari-de-madera-natural-y-cascabel\/#primaryimage\",\"url\":\"https:\/\/milnius.com\/wp-content\/uploads\/2025\/07\/rodaricascavell_ENR.jpg\",\"contentUrl\":\"https:\/\/milnius.com\/wp-content\/uploads\/2025\/07\/rodaricascavell_ENR.jpg\",\"width\":2048,\"height\":1356},{\"@type\":\"BreadcrumbList\",\"@id\":\"https:\/\/milnius.com\/product\/rodari-de-madera-natural-y-cascabel\/#breadcrumb\",\"itemListElement\":[{\"@type\":\"ListItem\",\"position\":1,\"name\":\"Portada\",\"item\":\"https:\/\/milnius.com\/\"},{\"@type\":\"ListItem\",\"position\":2,\"name\":\"Nuestra tienda\",\"item\":\"https:\/\/milnius.com\/shop\/\"},{\"@type\":\"ListItem\",\"position\":3,\"name\":\"Rodari de madera con cascabel\"}]},{\"@type\":\"WebSite\",\"@id\":\"https:\/\/milnius.com\/#website\",\"url\":\"https:\/\/milnius.com\/\",\"name\":\"Mil Nius\",\"description\":\"Materiales sensoriales naturales para ni\u00f1@s\",\"potentialAction\":[{\"@type\":\"SearchAction\",\"target\":{\"@type\":\"EntryPoint\",\"urlTemplate\":\"https:\/\/milnius.com\/?s={search_term_string}\"},\"query-input\":{\"@type\":\"PropertyValueSpecification\",\"valueRequired\":true,\"valueName\":\"search_term_string\"}}],\"inLanguage\":\"ca\"}]}<\/script>\n<!-- \/ Yoast SEO plugin. -->","yoast_head_json":{"title":"Rodari de madera con cascabel - Mil Nius","robots":{"index":"index","follow":"follow","max-snippet":"max-snippet:-1","max-image-preview":"max-image-preview:large","max-video-preview":"max-video-preview:-1"},"canonical":"https:\/\/milnius.com\/ca\/product\/rodari-de-madera-natural-y-cascabel\/","og_locale":"ca_ES","og_type":"article","og_title":"Rodari de madera con cascabel - Mil Nius","og_description":"Rodari de haya natural, con dos bolas de madera y un cascabel met\u00e1lico en el interior.","og_url":"https:\/\/milnius.com\/ca\/product\/rodari-de-madera-natural-y-cascabel\/","og_site_name":"Mil Nius","article_modified_time":"2026-04-19T22:24:09+00:00","og_image":[{"width":2048,"height":1356,"url":"https:\/\/milnius.com\/wp-content\/uploads\/2025\/07\/rodaricascavell_ENR.jpg","type":"image\/jpeg"}],"twitter_card":"summary_large_image","twitter_misc":{"Temps estimat de lectura":"2 minuts"},"schema":{"@context":"https:\/\/schema.org","@graph":[{"@type":"WebPage","@id":"https:\/\/milnius.com\/product\/rodari-de-madera-natural-y-cascabel\/","url":"https:\/\/milnius.com\/product\/rodari-de-madera-natural-y-cascabel\/","name":"Rodari de madera con cascabel - Mil Nius","isPartOf":{"@id":"https:\/\/milnius.com\/#website"},"primaryImageOfPage":{"@id":"https:\/\/milnius.com\/product\/rodari-de-madera-natural-y-cascabel\/#primaryimage"},"image":{"@id":"https:\/\/milnius.com\/product\/rodari-de-madera-natural-y-cascabel\/#primaryimage"},"thumbnailUrl":"https:\/\/milnius.com\/wp-content\/uploads\/2025\/07\/rodaricascavell_ENR.jpg","datePublished":"2025-07-18T16:09:13+00:00","dateModified":"2026-04-19T22:24:09+00:00","breadcrumb":{"@id":"https:\/\/milnius.com\/product\/rodari-de-madera-natural-y-cascabel\/#breadcrumb"},"inLanguage":"ca","potentialAction":[{"@type":"ReadAction","target":["https:\/\/milnius.com\/product\/rodari-de-madera-natural-y-cascabel\/"]}]},{"@type":"ImageObject","inLanguage":"ca","@id":"https:\/\/milnius.com\/product\/rodari-de-madera-natural-y-cascabel\/#primaryimage","url":"https:\/\/milnius.com\/wp-content\/uploads\/2025\/07\/rodaricascavell_ENR.jpg","contentUrl":"https:\/\/milnius.com\/wp-content\/uploads\/2025\/07\/rodaricascavell_ENR.jpg","width":2048,"height":1356},{"@type":"BreadcrumbList","@id":"https:\/\/milnius.com\/product\/rodari-de-madera-natural-y-cascabel\/#breadcrumb","itemListElement":[{"@type":"ListItem","position":1,"name":"Portada","item":"https:\/\/milnius.com\/"},{"@type":"ListItem","position":2,"name":"Nuestra tienda","item":"https:\/\/milnius.com\/shop\/"},{"@type":"ListItem","position":3,"name":"Rodari de madera con cascabel"}]},{"@type":"WebSite","@id":"https:\/\/milnius.com\/#website","url":"https:\/\/milnius.com\/","name":"Mil Nius","description":"Materiales sensoriales naturales para ni\u00f1@s","potentialAction":[{"@type":"SearchAction","target":{"@type":"EntryPoint","urlTemplate":"https:\/\/milnius.com\/?s={search_term_string}"},"query-input":{"@type":"PropertyValueSpecification","valueRequired":true,"valueName":"search_term_string"}}],"inLanguage":"ca"}]}},"_links":{"self":[{"href":"https:\/\/milnius.com\/ca\/wp-json\/wp\/v2\/product\/3392","targetHints":{"allow":["GET"]}}],"collection":[{"href":"https:\/\/milnius.com\/ca\/wp-json\/wp\/v2\/product"}],"about":[{"href":"https:\/\/milnius.com\/ca\/wp-json\/wp\/v2\/types\/product"}],"replies":[{"embeddable":true,"href":"https:\/\/milnius.com\/ca\/wp-json\/wp\/v2\/comments?post=3392"}],"wp:featuredmedia":[{"embeddable":true,"href":"https:\/\/milnius.com\/ca\/wp-json\/wp\/v2\/media\/3393"}],"wp:attachment":[{"href":"https:\/\/milnius.com\/ca\/wp-json\/wp\/v2\/media?parent=3392"}],"wp:term":[{"taxonomy":"product_brand","embeddable":true,"href":"https:\/\/milnius.com\/ca\/wp-json\/wp\/v2\/product_brand?post=3392"},{"taxonomy":"product_cat","embeddable":true,"href":"https:\/\/milnius.com\/ca\/wp-json\/wp\/v2\/product_cat?post=3392"},{"taxonomy":"product_tag","embeddable":true,"href":"https:\/\/milnius.com\/ca\/wp-json\/wp\/v2\/product_tag?post=3392"}],"curies":[{"name":"wp","href":"https:\/\/api.w.org\/{rel}","templated":true}]}}