{"id":2525,"date":"2025-03-19T14:33:46","date_gmt":"2025-03-19T14:33:46","guid":{"rendered":"https:\/\/milnius.com\/?page_id=2525"},"modified":"2025-04-07T08:34:03","modified_gmt":"2025-04-07T08:34:03","slug":"aviso-legal","status":"publish","type":"page","link":"https:\/\/milnius.com\/ca\/aviso-legal\/","title":{"rendered":"Av\u00eds Legal"},"content":{"rendered":"<p><strong>Condicions generals:<\/strong><\/p>\n<p>Aquesta nota legal cont\u00e9 les condicions que regulen l'\u00fas i acc\u00e9s al lloc web https:\/\/milnius.com\/ (d'ara endavant lloc o web) i les responsabilitats derivades del seu \u00fas, en compliment amb la Llei 34\/2002, de 11 de juliol, de Serveis de la Societat de la Informaci\u00f3 i Comer\u00e7 Electr\u00f2nic (d'ara endavant, LSSI). S'entendr\u00e0 que l'acc\u00e9s o la mera utilitzaci\u00f3 del lloc web per part de l'usuari implica l'adhesi\u00f3 d'aquest a totes les condicions que Movin (d'ara endavant l'empresa) tingui publicades en aquell moment al web. S'informa els usuaris que l'empresa respecta la legislaci\u00f3 vigent en mat\u00e8ria de protecci\u00f3 de dades personals, la privadesa dels usuaris i el secret i seguretat de les seves dades personals, adoptant per aix\u00f2 les mesures t\u00e8cniques i organitzatives necess\u00e0ries per evitar la p\u00e8rdua, el mal \u00fas, l'alteraci\u00f3, l'acc\u00e9s no autoritzat i el robatori de les dades personals facilitades.<\/p>\n<p><strong>Titular:<\/strong><\/p>\n<p>El titular d'aquest lloc web \u00e9s:<\/p>\n<p>MOFE MICAMINO, S.L.<br \/>\nDomicili comercial: Carrer Rogent, 116 \u2013 p. 2 pta. 2, 08026, Barcelona<br \/>\nTel\u00e8fon: +34 688 49 33 07<br \/>\nCorreu electr\u00f2nic: hola@milnius.com<\/p>\n<p><strong>Objecte:<\/strong><\/p>\n<p>L'objectiu d'aquest lloc \u00e9s informar sobre l'activitat i serveis que desenvolupa i ofereix l'empresa.<\/p>\n<p><strong>Drets de Propietat Intel\u00b7lectual i Industrial:<\/strong><\/p>\n<p>La totalitat d'aquest lloc web: descripci\u00f3 i caracter\u00edstiques, text, imatges, marques, logotips, botons, arxius de programari, aix\u00ed com l'estructura, selecci\u00f3, ordenaci\u00f3 i presentaci\u00f3 dels seus continguts, es troba protegida per les lleis espanyoles i internacionals sobre propietat intel\u00b7lectual i industrial. En cap cas l'acc\u00e9s per part de tercers a aquest lloc implica cap tipus de ren\u00fancia, transmissi\u00f3 o cessi\u00f3 total o parcial dels drets atorgats per la legislaci\u00f3 espanyola i internacional sobre propietat intel\u00b7lectual i industrial.<\/p>\n<p>Queden prohibides la reproducci\u00f3 (excepte la desc\u00e0rrega temporal des del lloc web al disc dur de l'ordinador de l'usuari o als servidors proxy), la c\u00f2pia, l'\u00fas, la distribuci\u00f3, la reutilitzaci\u00f3, l'explotaci\u00f3, la realitzaci\u00f3 de segones c\u00f2pies, l'enviament per correu, la transmissi\u00f3, la modificaci\u00f3, la cessi\u00f3 o qualsevol altre acte que es faci amb la totalitat o part de la informaci\u00f3 continguda en aquest web que no hagi estat expressament autoritzat pel titular. L'usuari s'obliga a utilitzar els continguts de manera diligent, correcta i l\u00edcita i, en particular, es compromet a abstenir-se de suprimir, eludir o manipular el \"copyright\" i altres dades identificatives dels drets de l'empresa o dels seus titulars incorporats als continguts, aix\u00ed com els dispositius t\u00e8cnics de protecci\u00f3 o qualsevol mecanisme d'informaci\u00f3 que poguessin incloure's als continguts del lloc web, un domini registrat per l'empresa. El domini no pot ser utilitzat, excepte autoritzaci\u00f3 expressa pr\u00e8via, en connexi\u00f3 amb altres serveis que no siguin de l'empresa de cap manera que pugui causar confusi\u00f3 entre els nostres clients o descr\u00e8dit de l'empresa.<\/p>\n<p><strong>Acc\u00e9s:<\/strong><\/p>\n<p>Els usuaris podran accedir al lloc de manera lliure i gratu\u00efta. No obstant aix\u00f2, l'empresa es reserva el dret de limitar l'acc\u00e9s a determinades \u00e0rees del lloc web als usuaris que no posseeixin les credencials adequades. Aquestes credencials (usuari i contrasenya) s\u00f3n facilitades per l'empresa als seus clients, o als usuaris que aix\u00ed ho sol\u00b7licitin de manera expressa, amb la finalitat d'accedir a informaci\u00f3 espec\u00edfica per a aquest grup d'usuaris. L'\u00fas de la contrasenya \u00e9s personal i intransferible, no estant permesa la cessi\u00f3, ni tan sols temporal, a tercers. En aquest sentit, l'usuari es compromet a fer un \u00fas diligent i a mantenir en secret la mateixa.<\/p>\n<p><strong>Responsabilitat i Obligacions:<\/strong><\/p>\n<p><strong>Responsabilitat pel contingut:<\/strong>.<\/p>\n<p>El contingut d'aquest lloc web \u00e9s de car\u00e0cter general, amb una finalitat i efectes exclusivament informatius dels nostres serveis i de la nostra activitat empresarial. L'empresa es eximeix de qualsevol responsabilitat respecte a qualsevol decisi\u00f3 adoptada per l'usuari del lloc web. L'empresa rebutja la responsabilitat sobre qualsevol informaci\u00f3 no elaborada per l'empresa o no publicada de manera autoritzada per ella sota el seu nom, aix\u00ed com la responsabilitat que es derive de la mala utilitzaci\u00f3 dels continguts. Igualment, pel que fa als continguts, l'empresa es reserva el dret a actualitzar-los, eliminar-los, limitar-los o impedir l'acc\u00e9s a ells, de manera temporal o definitiva.<\/p>\n<p><strong>Responsabilitat respecte als enlla\u00e7os a altres p\u00e0gines webs (links):<\/strong>.<\/p>\n<p>Els enlla\u00e7os introdu\u00efts en aquest lloc web s\u00f3n de car\u00e0cter merament informatiu i, per tant, l'empresa no controla ni verifica cap informaci\u00f3, contingut, productes o serveis facilitats a trav\u00e9s d'aquests llocs web. En conseq\u00fc\u00e8ncia, l'empresa declina qualsevol tipus de responsabilitat per qualsevol aspecte, especialment el contingut, relatiu a les p\u00e0gines d'enlla\u00e7. Aquests enlla\u00e7os a altres p\u00e0gines, aix\u00ed com als productes o serveis per elles oferts, no impliquen recolzament, patrocini o recomanaci\u00f3 per part de l'empresa.<\/p>\n<p><strong>Responsabilitat en el cas en qu\u00e8 aquesta p\u00e0gina sigui el dest\u00ed de l'enlla\u00e7 introdu\u00eft en una altra p\u00e0gina:<\/strong>.<\/p>\n<p>Pel que fa als enlla\u00e7os establerts per altres p\u00e0gines amb destinaci\u00f3 al lloc de l'empresa, s'haur\u00e0 d'atendre a les seg\u00fcents estipulacions: S'haur\u00e0 de sol\u00b7licitar autoritzaci\u00f3 pr\u00e8via a la realitzaci\u00f3 de l'enlla\u00e7 i haur\u00e0 de constar de manera expressa la seva atorgament.<\/p>\n<p>L'enlla\u00e7 ha de ser absolut i complet, \u00e9s a dir, ha de portar l'usuari a la pr\u00f2pia adre\u00e7a de l'empresa i ha de cobrir completament tota l'extensi\u00f3 de la pantalla de la p\u00e0gina inicial. En cap cas, excepte autoritzaci\u00f3 expressa i per escrit de l'empresa, la p\u00e0gina que realitzi l'enlla\u00e7 podr\u00e0 reproduir de cap manera el lloc web de l'empresa, incloure'l com a part del seu web o dins d'un dels seus \"frames\" o crear un \"browser\" sobre qualsevol de les p\u00e0gines del web.<\/p>\n<p>No es donar\u00e0 cap tipus d'indicaci\u00f3 err\u00f2nia o incorrecta sobre la p\u00e0gina de l'empresa.<\/p>\n<p>Si es volgu\u00e9s fer constar algun signe distintiu de l'empresa, com marques, logotips i denominaci\u00f3, s'haur\u00e0 de comptar amb l'autoritzaci\u00f3 per escrit.<\/p>\n<p>El titular de la p\u00e0gina que ofereix l'enlla\u00e7 haur\u00e0 d'actuar de bona fe i no pretendre afectar negativament la reputaci\u00f3 o bon nom de l'empresa.<\/p>\n<p>Es prohibeix, excepte autoritzaci\u00f3 expressa de l'empresa, donar d'alta els elements de text de la marca o del logotip, el nom de domini o la denominaci\u00f3 social de l'empresa, com a paraula clau (\"metatags\" o \"metanames\") per a la cerca de llocs webs realitzada a trav\u00e9s de cercadors. L'empresa no assumeix cap tipus de responsabilitat per qualsevol aspecte relatiu a la p\u00e0gina web que ofereix l'enlla\u00e7.<\/p>\n<p><strong>Responsabilitat en aspectes t\u00e8cnics:<\/strong>.<\/p>\n<p>L'empresa far\u00e0 tot el possible per donar un servei estable i durador, per\u00f2 en cap cas garanteix la continu\u00eftat del funcionament ni la operativitat i disponibilitat del lloc web per causes alienes a la seva responsabilitat. L'empresa no es fa responsable dels danys i perjudicis directes o indirectes, incloent danys a sistemes inform\u00e0tics i introducci\u00f3 de virus existents a la xarxa, derivats de la navegaci\u00f3 per Internet necess\u00e0ria per a l'\u00fas d'aquest lloc web. Per aquest motiu, en cap cas s'indemnitzar\u00e0 per possibles problemes deguts al mal funcionament del sistema.<\/p>\n<p><strong>Obligacions dels usuaris:<\/strong>.<\/p>\n<p>L'usuari respondr\u00e0 dels danys i perjudicis que l'empresa pugui patir com a conseq\u00fc\u00e8ncia de l'incompliment, per part seva, de qualsevol de les obligacions determinades en aquesta nota legal. L'usuari respondr\u00e0, en qualsevol cas, de la veracitat de les dades facilitades, reservant-se l'empresa el dret a excloure dels serveis registrats tot usuari que hagi facilitat dades falses i a rescindir el contracte de servei sol\u00b7licitat, sense perjudici de les altres accions que procedeixin en Dret. L'usuari no podr\u00e0 utilitzar aquest servei per transmetre qualsevol classe de material il\u00b7legal, amena\u00e7ador, difamatori o qualsevol altre tipus de material considerat ofensiu. De la mateixa manera, no podr\u00e0 fer un \u00fas incorrecte dels continguts de l'empresa, utilitzant-los amb fins diferents als previstos, reproduint-los, modificant-los o transformant-los. Qualsevol informaci\u00f3 obtinguda al lloc de l'empresa i mostrada en una p\u00e0gina externa, haur\u00e0 de mostrar-se indicant degudament la font, \u00e9s a dir, el nom del lloc i l'enlla\u00e7 o p\u00e0gina d'on s'ha obtingut la informaci\u00f3. Respecte a la navegaci\u00f3, l'usuari es compromet a observar diligentment les recomanacions que en el seu moment estableixi l'empresa relativa a l'\u00fas del lloc. A aquests efectes, l'empresa es dirigir\u00e0 als usuaris mitjan\u00e7ant qualsevol mitj\u00e0 de comunicaci\u00f3 a trav\u00e9s del lloc web.<\/p>\n<p><strong>Duraci\u00f3 i Modificaci\u00f3:<\/strong><\/p>\n<p>L'empresa tindr\u00e0 dret a modificar unilateralment els termes i condicions aqu\u00ed estipulats, de manera total o parcial. Qualsevol canvi apareixer\u00e0 i es posar\u00e0 en coneixement dels usuaris, de la mateixa manera que es troben en aquesta nota legal. La vig\u00e8ncia temporal d'aquesta nota legal coincideix, per tant, amb el temps de la seva exposici\u00f3, fins al moment en qu\u00e8 siguin modificades de manera total o parcial per l'empresa, aquesta podr\u00e0 donar per terminada, suspendre o interrompre unilateralment l'operativitat d'aquest lloc web, sense possibilitat de sol\u00b7licitar indemnitzaci\u00f3 alguna per part de l'usuari. Despr\u00e9s d'aquesta extinci\u00f3, l'usuari haur\u00e0 de destruir qualsevol informaci\u00f3 sobre l'empresa que posseeixi en qualsevol format i que hagi obtingut a trav\u00e9s del lloc o a trav\u00e9s de les comunicacions realitzades de manera individual a l'usuari per la mateixa. L'empresa no tindr\u00e0 cap obligaci\u00f3 de mantenir contingut algun ni de reenviar cap missatge no llegit o no enviat ni a l'usuari ni a un tercer.<\/p>\n<p><strong>Legislaci\u00f3 i Jurisdicci\u00f3:<\/strong><\/p>\n<p>Aquestes condicions d'\u00fas es regeixen per la legislaci\u00f3 espanyola. Les condicions que apareixen en aquest lloc web estan en tot cas sotmeses a les Lleis i Tribunals espanyols. En cas de controv\u00e8rsies entre l'usuari i l'empresa, les parts expressament pacten i acorden, respecte de la prestaci\u00f3 del servei, amb ren\u00fancia expressa a qualsevol altre fur, el seu sometiment als Tribunals i Jutjats de Barcelona (Espanya).<\/p>","protected":false},"excerpt":{"rendered":"<p>Condiciones generales: Esta nota legal contiene las condiciones que regulan el uso y acceso al sitio web https:\/\/milnius.com\/ (en adelante sitio o web) y las responsabilidades derivadas de su utilizaci\u00f3n, en cumplimiento con la Ley 34\/2002, de 11 de julio, de Servicios de la Sociedad de la Informaci\u00f3n y el Comercio Electr\u00f3nico (en adelante, LSSI). [&hellip;]<\/p>\n","protected":false},"author":3,"featured_media":0,"parent":0,"menu_order":0,"comment_status":"closed","ping_status":"closed","template":"","meta":{"_et_pb_use_builder":"","_et_pb_old_content":"","_et_gb_content_width":"","footnotes":""},"class_list":["post-2525","page","type-page","status-publish","hentry"],"yoast_head":"<!-- This site is optimized with the Yoast SEO plugin v27.5 - https:\/\/yoast.com\/product\/yoast-seo-wordpress\/ -->\n<title>Aviso Legal - Mil Nius<\/title>\n<meta name=\"description\" content=\"En Mil Nius, te proporcionamos informaci\u00f3n legal sobre el uso de nuestro sitio web. Consulta nuestros t\u00e9rminos y condiciones.\" \/>\n<meta name=\"robots\" content=\"index, follow, max-snippet:-1, max-image-preview:large, max-video-preview:-1\" \/>\n<link rel=\"canonical\" href=\"https:\/\/milnius.com\/ca\/aviso-legal\/\" \/>\n<meta property=\"og:locale\" content=\"ca_ES\" \/>\n<meta property=\"og:type\" content=\"article\" \/>\n<meta property=\"og:title\" content=\"Aviso Legal - Mil Nius\" \/>\n<meta property=\"og:description\" content=\"En Mil Nius, te proporcionamos informaci\u00f3n legal sobre el uso de nuestro sitio web. Consulta nuestros t\u00e9rminos y condiciones.\" \/>\n<meta property=\"og:url\" content=\"https:\/\/milnius.com\/ca\/aviso-legal\/\" \/>\n<meta property=\"og:site_name\" content=\"Mil Nius\" \/>\n<meta property=\"article:modified_time\" content=\"2025-04-07T08:34:03+00:00\" \/>\n<meta name=\"twitter:card\" content=\"summary_large_image\" \/>\n<meta name=\"twitter:label1\" content=\"Temps estimat de lectura\" \/>\n\t<meta name=\"twitter:data1\" content=\"8 minuts\" \/>\n<script type=\"application\/ld+json\" class=\"yoast-schema-graph\">{\"@context\":\"https:\\\/\\\/schema.org\",\"@graph\":[{\"@type\":\"WebPage\",\"@id\":\"https:\\\/\\\/milnius.com\\\/aviso-legal\\\/\",\"url\":\"https:\\\/\\\/milnius.com\\\/aviso-legal\\\/\",\"name\":\"Aviso Legal - Mil Nius\",\"isPartOf\":{\"@id\":\"https:\\\/\\\/milnius.com\\\/#website\"},\"datePublished\":\"2025-03-19T14:33:46+00:00\",\"dateModified\":\"2025-04-07T08:34:03+00:00\",\"description\":\"En Mil Nius, te proporcionamos informaci\u00f3n legal sobre el uso de nuestro sitio web. Consulta nuestros t\u00e9rminos y condiciones.\",\"breadcrumb\":{\"@id\":\"https:\\\/\\\/milnius.com\\\/aviso-legal\\\/#breadcrumb\"},\"inLanguage\":\"ca\",\"potentialAction\":[{\"@type\":\"ReadAction\",\"target\":[\"https:\\\/\\\/milnius.com\\\/aviso-legal\\\/\"]}]},{\"@type\":\"BreadcrumbList\",\"@id\":\"https:\\\/\\\/milnius.com\\\/aviso-legal\\\/#breadcrumb\",\"itemListElement\":[{\"@type\":\"ListItem\",\"position\":1,\"name\":\"Portada\",\"item\":\"https:\\\/\\\/milnius.com\\\/\"},{\"@type\":\"ListItem\",\"position\":2,\"name\":\"Aviso Legal\"}]},{\"@type\":\"WebSite\",\"@id\":\"https:\\\/\\\/milnius.com\\\/#website\",\"url\":\"https:\\\/\\\/milnius.com\\\/\",\"name\":\"Mil Nius\",\"description\":\"Materiales sensoriales naturales para ni\u00f1@s\",\"potentialAction\":[{\"@type\":\"SearchAction\",\"target\":{\"@type\":\"EntryPoint\",\"urlTemplate\":\"https:\\\/\\\/milnius.com\\\/?s={search_term_string}\"},\"query-input\":{\"@type\":\"PropertyValueSpecification\",\"valueRequired\":true,\"valueName\":\"search_term_string\"}}],\"inLanguage\":\"ca\"}]}<\/script>\n<!-- \/ Yoast SEO plugin. -->","yoast_head_json":{"title":"Aviso Legal - Mil Nius","description":"En Mil Nius, te proporcionamos informaci\u00f3n legal sobre el uso de nuestro sitio web. Consulta nuestros t\u00e9rminos y condiciones.","robots":{"index":"index","follow":"follow","max-snippet":"max-snippet:-1","max-image-preview":"max-image-preview:large","max-video-preview":"max-video-preview:-1"},"canonical":"https:\/\/milnius.com\/ca\/aviso-legal\/","og_locale":"ca_ES","og_type":"article","og_title":"Aviso Legal - Mil Nius","og_description":"En Mil Nius, te proporcionamos informaci\u00f3n legal sobre el uso de nuestro sitio web. Consulta nuestros t\u00e9rminos y condiciones.","og_url":"https:\/\/milnius.com\/ca\/aviso-legal\/","og_site_name":"Mil Nius","article_modified_time":"2025-04-07T08:34:03+00:00","twitter_card":"summary_large_image","twitter_misc":{"Temps estimat de lectura":"8 minuts"},"schema":{"@context":"https:\/\/schema.org","@graph":[{"@type":"WebPage","@id":"https:\/\/milnius.com\/aviso-legal\/","url":"https:\/\/milnius.com\/aviso-legal\/","name":"Aviso Legal - Mil Nius","isPartOf":{"@id":"https:\/\/milnius.com\/#website"},"datePublished":"2025-03-19T14:33:46+00:00","dateModified":"2025-04-07T08:34:03+00:00","description":"En Mil Nius, te proporcionamos informaci\u00f3n legal sobre el uso de nuestro sitio web. Consulta nuestros t\u00e9rminos y condiciones.","breadcrumb":{"@id":"https:\/\/milnius.com\/aviso-legal\/#breadcrumb"},"inLanguage":"ca","potentialAction":[{"@type":"ReadAction","target":["https:\/\/milnius.com\/aviso-legal\/"]}]},{"@type":"BreadcrumbList","@id":"https:\/\/milnius.com\/aviso-legal\/#breadcrumb","itemListElement":[{"@type":"ListItem","position":1,"name":"Portada","item":"https:\/\/milnius.com\/"},{"@type":"ListItem","position":2,"name":"Aviso Legal"}]},{"@type":"WebSite","@id":"https:\/\/milnius.com\/#website","url":"https:\/\/milnius.com\/","name":"Mil Nius","description":"Materiales sensoriales naturales para ni\u00f1@s","potentialAction":[{"@type":"SearchAction","target":{"@type":"EntryPoint","urlTemplate":"https:\/\/milnius.com\/?s={search_term_string}"},"query-input":{"@type":"PropertyValueSpecification","valueRequired":true,"valueName":"search_term_string"}}],"inLanguage":"ca"}]}},"_links":{"self":[{"href":"https:\/\/milnius.com\/ca\/wp-json\/wp\/v2\/pages\/2525","targetHints":{"allow":["GET"]}}],"collection":[{"href":"https:\/\/milnius.com\/ca\/wp-json\/wp\/v2\/pages"}],"about":[{"href":"https:\/\/milnius.com\/ca\/wp-json\/wp\/v2\/types\/page"}],"author":[{"embeddable":true,"href":"https:\/\/milnius.com\/ca\/wp-json\/wp\/v2\/users\/3"}],"replies":[{"embeddable":true,"href":"https:\/\/milnius.com\/ca\/wp-json\/wp\/v2\/comments?post=2525"}],"version-history":[{"count":2,"href":"https:\/\/milnius.com\/ca\/wp-json\/wp\/v2\/pages\/2525\/revisions"}],"predecessor-version":[{"id":2527,"href":"https:\/\/milnius.com\/ca\/wp-json\/wp\/v2\/pages\/2525\/revisions\/2527"}],"wp:attachment":[{"href":"https:\/\/milnius.com\/ca\/wp-json\/wp\/v2\/media?parent=2525"}],"curies":[{"name":"wp","href":"https:\/\/api.w.org\/{rel}","templated":true}]}}