{"id":2165,"date":"2025-03-05T13:45:29","date_gmt":"2025-03-05T13:45:29","guid":{"rendered":"https:\/\/milnius.com\/?page_id=2165"},"modified":"2025-11-06T09:33:47","modified_gmt":"2025-11-06T08:33:47","slug":"la-cesta-de-los-tesoros-estimulacion-natural-en-los-primeros-anos","status":"publish","type":"page","link":"https:\/\/milnius.com\/ca\/la-cesta-de-los-tesoros-estimulacion-natural-en-los-primeros-anos\/","title":{"rendered":"LA CESTA DE LOS TESOROS: ESTIMULACI\u00d3N SENSORIAL EN LOS PRIMEROS A\u00d1OS"},"content":{"rendered":"<p>La m\u00e0gia de la panera dels tresors: exploraci\u00f3 sensorial i aprenentatge natural per als m\u00e9s petits.<\/p>\n<p>Quan els beb\u00e8s comencen a explorar el m\u00f3n que els envolta, el fan amb els ulls, les mans, la boca... implicant i activant tots els seus sentits. Tocar, xuclar, colpejar, llan\u00e7ar... s\u00f3n accions que poden semblar simples des de la perspectiva adulta, per\u00f2 s\u00f3n absolutament essencials per al desenvolupament neurol\u00f2gic dels m\u00e9s petits. Aix\u00ed ho recolzen nombrosos estudis i recerques en l'\u00e0mbit de l'educaci\u00f3 i la neuroci\u00e8ncia.<\/p>\n<p>Els primers anys de vida s\u00f3n, de fet, una finestra \u00fanica per a estimular el desenvolupament integral dels beb\u00e8s. Aquesta etapa tan m\u00e0gica, on tot \u00e9s nou i crida l'atenci\u00f3, est\u00e0 plena de descobriments i aprenentatges que marquen significativament les seves primeres experi\u00e8ncies. A trav\u00e9s d'aquestes, es generen noves sensacions, percepcions i reflexions que aniran acompanyades de noves destreses i habilitats, les quals, amb el temps, s'aniran perfeccionant i es convertiran en noves conquestes d'autonomia i autoestima, fomentades pel sentiment de capacitat. T'has plantejat com podem potenciar aquest moment tan crucial?<\/p>\n<p>Com podem estimular el desenvolupament global del beb\u00e8 de manera natural i segura?<br \/>\nCom podem fomentar aquesta curiositat innata perqu\u00e8 sigui plenament enriquidora i beneficiosa?<\/p>\n<p>\u201cLa cistella dels tresors\u201d \u00e9s una excel\u00b7lent resposta a aquestes preguntes. Un recurs pedag\u00f2gic cl\u00e0ssic en l'educaci\u00f3 infantil que s'ha convertit en una eina imprescindible per a afavorir el desenvolupament sensorial, motor, cognitiu i emocional des d'una edat molt primerenca.<\/p>\n<p><strong>Qu\u00e8 \u00e9s la cistella dels tresors?<\/p>\n<p><\/strong>La cistella dels tresors \u00e9s una proposta pedag\u00f2gica ideada per Elinor Goldschmied, pensada principalment per a beb\u00e8s d'entre 6 mesos (o des que poden asseure's per si sols) i 18 mesos, encara que pot perdurar en edats posteriors segons l'inter\u00e8s del nen.<\/p>\n<p>Com el seu nom indica, consisteix en una cistella o recipient poc profund, que cont\u00e9 i permet als beb\u00e8s accedir f\u00e0cilment a una selecci\u00f3 o conjunt de materials rics en textures, formes, pesos, temperatures, sons, etc., convidant-los a explorar-los lliurement per a con\u00e8ixer les seves caracter\u00edstiques i propietats.<\/p>\n<p>Els elements que formen part de la cistella solen ser, des del seu origen, objectes quotidians diversos i estimulants, com a culleres, motlles, teles variades, recipients de pl\u00e0stic, pintes o fins i tot algun fregall. Cada objecte \u00e9s una porta oberta al descobriment: una textura diferent, un so inesperat, una sensaci\u00f3 \u00fanica al tacte o en la boca.<\/p>\n<p><strong>Quins beneficis aporta?<\/p>\n<p><\/strong>Gr\u00e0cies a l'exploraci\u00f3 i manipulaci\u00f3 lliure, els beb\u00e8s poden desenvolupar, de manera simult\u00e0nia, tots els sentits i iniciar-se en el reconeixement i distinci\u00f3 de varietats i conceptes com:<\/p>\n<ul>\n<li><strong>Vista:<\/strong> formes, colors, grand\u00e0ries i lluminositat.<\/li>\n<li><strong>Gust:<\/strong> temperatures i resist\u00e8ncia.<\/li>\n<li><strong>O\u00efda:<\/strong> sons i timbres, generats en sacsejar, fregar, colpejar, pressionar, etc.<\/li>\n<li><strong>Tacte:<\/strong> pressions, textures, temperatures, formes, pesos, volums i materials.<\/li>\n<li><strong>Olfacte:<\/strong> olors i aromes.<\/li>\n<\/ul>\n<p><strong>En aquesta activitat explorat\u00f2ria, els nens protagonistes i investigadors:<\/strong><\/p>\n<p>* Pondr\u00e1n en pr\u00e1ctica todas sus t\u00e9cnicas exploratorias: tocar\u00e1n, chupar\u00e1n, coger\u00e1n, lanzar\u00e1n, apilar\u00e1n&#8230;<br \/>\n* Descubrir\u00e1n las m\u00faltiples posibilidades de acci\u00f3n y combinaci\u00f3n: probar\u00e1n, repetir\u00e1n, reinventar\u00e1n, etc.<br \/>\n* Comprender\u00e1n los efectos de sus acciones en los objetos: al hacerlos sonar, rodar, agitar, etc.<br \/>\n* Seleccionar\u00e1n y actuar\u00e1n respondiendo a sus necesidades: palpar\u00e1n, golpear\u00e1n, pasar\u00e1n de una mano a otra, perseguir\u00e1n&#8230;<br \/>\n* La exploraci\u00f3n continuada les permitir\u00e1 discriminar los objetos y percatarse de las diferencias existentes entre ellos.<br \/>\n* A menudo elegir\u00e1n el mismo objeto, definiendo as\u00ed sus preferencias por alguno de ellos entre la diversidad de elementos que se les ofrece.<br \/>\n* Desarrollar\u00e1n y perfeccionar\u00e1n la habilidad de manipulaci\u00f3n y la coordinaci\u00f3n ojo-mano.<br \/>\n* Fomentar\u00e1n su autonom\u00eda y capacidad de atenci\u00f3n y concentraci\u00f3n, haciendo y aprendiendo por s\u00ed mismos.<\/p>\n<p><strong>Per qu\u00e8 optar pels NIUS de Mil Nius?<\/p>\n<p><\/strong>A Mil Nius hem volgut portar aquesta proposta tradicional un pas m\u00e9s enll\u00e0 amb els nostres Nius, assegurant que cada element incl\u00f2s no sols sigui enriquidor, sin\u00f3 tamb\u00e9 segur i alineat amb valors de naturalesa i sostenibilitat. Hem substitu\u00eft els elements convencionals i quotidians esmentats per elements naturals (propis de la naturalesa: com a pinyes, beines, esponges vegetals, escorces seques...) i elaborats amb materials naturals (com la fusta, la llana o el cot\u00f3 org\u00e0nic), lliures de tints, vernissos o qu\u00edmics artificials.<\/p>\n<p>T'animes a proporcionar experi\u00e8ncies connectades amb la realitat, la naturalesa i el benestar dels beb\u00e8s?<br \/>\nDescubre nuestros Nius, te est\u00e1n esperando.<\/p>","protected":false},"excerpt":{"rendered":"<p>La magia de la cesta de los tesoros: exploraci\u00f3n sensorial y aprendizaje natural para los m\u00e1s peque\u00f1os. Cuando los beb\u00e9s comienzan a explorar el mundo que les rodea, lo hacen con los ojos, las manos, la boca&#8230; implicando y activando todos sus sentidos. Tocar, chupar, golpear, lanzar&#8230; son acciones que pueden parecer simples desde la [&hellip;]<\/p>\n","protected":false},"author":3,"featured_media":0,"parent":0,"menu_order":0,"comment_status":"closed","ping_status":"closed","template":"","meta":{"_et_pb_use_builder":"","_et_pb_old_content":"","_et_gb_content_width":"","footnotes":""},"class_list":["post-2165","page","type-page","status-publish","hentry"],"yoast_head":"<!-- This site is optimized with the Yoast SEO plugin v27.0 - https:\/\/yoast.com\/product\/yoast-seo-wordpress\/ -->\n<title>LA CESTA DE LOS TESOROS<\/title>\n<meta name=\"description\" content=\"Cesta de los Tesoros: estimulaci\u00f3n sensorial y desarrollo para beb\u00e9s con materiales naturales y sostenibles.\" \/>\n<meta name=\"robots\" content=\"index, follow, max-snippet:-1, max-image-preview:large, max-video-preview:-1\" \/>\n<link rel=\"canonical\" href=\"https:\/\/milnius.com\/ca\/la-cesta-de-los-tesoros-estimulacion-natural-en-los-primeros-anos\/\" \/>\n<meta property=\"og:locale\" content=\"ca_ES\" \/>\n<meta property=\"og:type\" content=\"article\" \/>\n<meta property=\"og:title\" content=\"LA CESTA DE LOS TESOROS\" \/>\n<meta property=\"og:description\" content=\"Cesta de los Tesoros: estimulaci\u00f3n sensorial y desarrollo para beb\u00e9s con materiales naturales y sostenibles.\" \/>\n<meta property=\"og:url\" content=\"https:\/\/milnius.com\/ca\/la-cesta-de-los-tesoros-estimulacion-natural-en-los-primeros-anos\/\" \/>\n<meta property=\"og:site_name\" content=\"Mil Nius\" \/>\n<meta property=\"article:modified_time\" content=\"2025-11-06T08:33:47+00:00\" \/>\n<meta name=\"twitter:card\" content=\"summary_large_image\" \/>\n<meta name=\"twitter:label1\" content=\"Temps estimat de lectura\" \/>\n\t<meta name=\"twitter:data1\" content=\"4 minuts\" \/>\n<script type=\"application\/ld+json\" class=\"yoast-schema-graph\">{\"@context\":\"https:\/\/schema.org\",\"@graph\":[{\"@type\":\"WebPage\",\"@id\":\"https:\/\/milnius.com\/la-cesta-de-los-tesoros-estimulacion-natural-en-los-primeros-anos\/\",\"url\":\"https:\/\/milnius.com\/la-cesta-de-los-tesoros-estimulacion-natural-en-los-primeros-anos\/\",\"name\":\"LA CESTA DE LOS TESOROS\",\"isPartOf\":{\"@id\":\"https:\/\/milnius.com\/#website\"},\"datePublished\":\"2025-03-05T13:45:29+00:00\",\"dateModified\":\"2025-11-06T08:33:47+00:00\",\"description\":\"Cesta de los Tesoros: estimulaci\u00f3n sensorial y desarrollo para beb\u00e9s con materiales naturales y sostenibles.\",\"breadcrumb\":{\"@id\":\"https:\/\/milnius.com\/la-cesta-de-los-tesoros-estimulacion-natural-en-los-primeros-anos\/#breadcrumb\"},\"inLanguage\":\"ca\",\"potentialAction\":[{\"@type\":\"ReadAction\",\"target\":[\"https:\/\/milnius.com\/la-cesta-de-los-tesoros-estimulacion-natural-en-los-primeros-anos\/\"]}]},{\"@type\":\"BreadcrumbList\",\"@id\":\"https:\/\/milnius.com\/la-cesta-de-los-tesoros-estimulacion-natural-en-los-primeros-anos\/#breadcrumb\",\"itemListElement\":[{\"@type\":\"ListItem\",\"position\":1,\"name\":\"Portada\",\"item\":\"https:\/\/milnius.com\/\"},{\"@type\":\"ListItem\",\"position\":2,\"name\":\"LA CESTA DE LOS TESOROS: ESTIMULACI\u00d3N SENSORIAL EN LOS PRIMEROS A\u00d1OS\"}]},{\"@type\":\"WebSite\",\"@id\":\"https:\/\/milnius.com\/#website\",\"url\":\"https:\/\/milnius.com\/\",\"name\":\"Mil Nius\",\"description\":\"Materiales sensoriales naturales para ni\u00f1@s\",\"potentialAction\":[{\"@type\":\"SearchAction\",\"target\":{\"@type\":\"EntryPoint\",\"urlTemplate\":\"https:\/\/milnius.com\/?s={search_term_string}\"},\"query-input\":{\"@type\":\"PropertyValueSpecification\",\"valueRequired\":true,\"valueName\":\"search_term_string\"}}],\"inLanguage\":\"ca\"}]}<\/script>\n<!-- \/ Yoast SEO plugin. -->","yoast_head_json":{"title":"LA CESTA DE LOS TESOROS","description":"Cesta de los Tesoros: estimulaci\u00f3n sensorial y desarrollo para beb\u00e9s con materiales naturales y sostenibles.","robots":{"index":"index","follow":"follow","max-snippet":"max-snippet:-1","max-image-preview":"max-image-preview:large","max-video-preview":"max-video-preview:-1"},"canonical":"https:\/\/milnius.com\/ca\/la-cesta-de-los-tesoros-estimulacion-natural-en-los-primeros-anos\/","og_locale":"ca_ES","og_type":"article","og_title":"LA CESTA DE LOS TESOROS","og_description":"Cesta de los Tesoros: estimulaci\u00f3n sensorial y desarrollo para beb\u00e9s con materiales naturales y sostenibles.","og_url":"https:\/\/milnius.com\/ca\/la-cesta-de-los-tesoros-estimulacion-natural-en-los-primeros-anos\/","og_site_name":"Mil Nius","article_modified_time":"2025-11-06T08:33:47+00:00","twitter_card":"summary_large_image","twitter_misc":{"Temps estimat de lectura":"4 minuts"},"schema":{"@context":"https:\/\/schema.org","@graph":[{"@type":"WebPage","@id":"https:\/\/milnius.com\/la-cesta-de-los-tesoros-estimulacion-natural-en-los-primeros-anos\/","url":"https:\/\/milnius.com\/la-cesta-de-los-tesoros-estimulacion-natural-en-los-primeros-anos\/","name":"LA CESTA DE LOS TESOROS","isPartOf":{"@id":"https:\/\/milnius.com\/#website"},"datePublished":"2025-03-05T13:45:29+00:00","dateModified":"2025-11-06T08:33:47+00:00","description":"Cesta de los Tesoros: estimulaci\u00f3n sensorial y desarrollo para beb\u00e9s con materiales naturales y sostenibles.","breadcrumb":{"@id":"https:\/\/milnius.com\/la-cesta-de-los-tesoros-estimulacion-natural-en-los-primeros-anos\/#breadcrumb"},"inLanguage":"ca","potentialAction":[{"@type":"ReadAction","target":["https:\/\/milnius.com\/la-cesta-de-los-tesoros-estimulacion-natural-en-los-primeros-anos\/"]}]},{"@type":"BreadcrumbList","@id":"https:\/\/milnius.com\/la-cesta-de-los-tesoros-estimulacion-natural-en-los-primeros-anos\/#breadcrumb","itemListElement":[{"@type":"ListItem","position":1,"name":"Portada","item":"https:\/\/milnius.com\/"},{"@type":"ListItem","position":2,"name":"LA CESTA DE LOS TESOROS: ESTIMULACI\u00d3N SENSORIAL EN LOS PRIMEROS A\u00d1OS"}]},{"@type":"WebSite","@id":"https:\/\/milnius.com\/#website","url":"https:\/\/milnius.com\/","name":"Mil Nius","description":"Materiales sensoriales naturales para ni\u00f1@s","potentialAction":[{"@type":"SearchAction","target":{"@type":"EntryPoint","urlTemplate":"https:\/\/milnius.com\/?s={search_term_string}"},"query-input":{"@type":"PropertyValueSpecification","valueRequired":true,"valueName":"search_term_string"}}],"inLanguage":"ca"}]}},"_links":{"self":[{"href":"https:\/\/milnius.com\/ca\/wp-json\/wp\/v2\/pages\/2165","targetHints":{"allow":["GET"]}}],"collection":[{"href":"https:\/\/milnius.com\/ca\/wp-json\/wp\/v2\/pages"}],"about":[{"href":"https:\/\/milnius.com\/ca\/wp-json\/wp\/v2\/types\/page"}],"author":[{"embeddable":true,"href":"https:\/\/milnius.com\/ca\/wp-json\/wp\/v2\/users\/3"}],"replies":[{"embeddable":true,"href":"https:\/\/milnius.com\/ca\/wp-json\/wp\/v2\/comments?post=2165"}],"version-history":[{"count":7,"href":"https:\/\/milnius.com\/ca\/wp-json\/wp\/v2\/pages\/2165\/revisions"}],"predecessor-version":[{"id":3819,"href":"https:\/\/milnius.com\/ca\/wp-json\/wp\/v2\/pages\/2165\/revisions\/3819"}],"wp:attachment":[{"href":"https:\/\/milnius.com\/ca\/wp-json\/wp\/v2\/media?parent=2165"}],"curies":[{"name":"wp","href":"https:\/\/api.w.org\/{rel}","templated":true}]}}