{"id":1869,"date":"2025-03-01T14:23:30","date_gmt":"2025-03-01T14:23:30","guid":{"rendered":"https:\/\/milnius.com\/?page_id=1869"},"modified":"2025-09-21T17:20:33","modified_gmt":"2025-09-21T15:20:33","slug":"presentacion-cesta-de-los-tesoros-nius","status":"publish","type":"page","link":"https:\/\/milnius.com\/ca\/presentacion-cesta-de-los-tesoros-nius\/","title":{"rendered":"PRESENTACI\u00d3 LA PANERA DELS TRESORS - NIUS"},"content":{"rendered":"<p>[et_pb_section admin_label=\u00bbsection\u00bb]<br \/>\n\t\t\t[et_pb_row admin_label=\u00bbrow\u00bb]<br \/>\n\t\t\t\t[et_pb_column type=\u00bb4_4&#8243;][et_pb_text admin_label=\u00bbText\u00bb]<\/p>\n<h2>PRESENTACI\u00d3N CESTA DE LOS TESOROS &#8211; NIUS<br \/>\n<\/h2>\n<p>La magia de la cesta de los tesoros: exploraci\u00f3n sensorial y aprendizaje natural para los m\u00e1s peque\u00f1os<\/p>\n<h3>PRESENTACI\u00d3N CESTA DE LOS TESOROS &#8211; NIUS<\/h3>\n<p>La magia de la cesta de los tesoros: exploraci\u00f3n sensorial y aprendizaje natural para los m\u00e1s peque\u00f1os.<\/p>\n<p>Cuando los beb\u00e9s comienzan a explorar el mundo que les rodea, lo hacen con los ojos, las manos, la boca&#8230; implicando y activando todos sus sentidos. Tocar, chupar, golpear, lanzar&#8230; son acciones que pueden parecer simples desde la perspectiva adulta, pero son absolutamente esenciales para el desarrollo neurol\u00f3gico de los m\u00e1s peque\u00f1os. As\u00ed lo respaldan numerosos estudios e investigaciones en el \u00e1mbito de la educaci\u00f3n y la neurociencia.<\/p>\n<p>\t\t\t\t\t\t\t\t\t\t\t\t\t\t\t<img decoding=\"async\" src=\"https:\/\/milnius.com\/wp-content\/uploads\/2025\/03\/download-3.png\" title=\"\" alt=\"\" loading=\"lazy\" \/>\t\t\t\t\t\t\t\t\t\t\t\t\t\t\t<\/p>\n<p>Los primeros a\u00f1os de vida son, de hecho, una ventana \u00fanica para estimular el desarrollo integral de los beb\u00e9s. Esta etapa tan m\u00e1gica, donde todo es nuevo y llama la atenci\u00f3n, est\u00e1 llena de descubrimientos y aprendizajes que marcan significativamente sus primeras experiencias. A trav\u00e9s de estas, se generan nuevas sensaciones, percepciones y reflexiones que ir\u00e1n acompa\u00f1adas de nuevas destrezas y habilidades, las cuales, con el tiempo, se ir\u00e1n perfeccionando y se convertir\u00e1n en nuevas conquistas de autonom\u00eda y autoestima, fomentadas por el sentimiento de capacidad. Te has planteado c\u00f3mo podemos potenciar este momento tan crucial?<br \/>\u00bfC\u00f3mo podemos estimular el desarrollo global del beb\u00e9 de manera natural y segura?<br \/>\u00bfC\u00f3mo podemos fomentar esa curiosidad innata para que sea plenamente enriquecedora y beneficiosa?<\/p>\n<p>\u201cLa cesta de los tesoros\u201d es una excelente respuesta a estas preguntas. Un recurso pedag\u00f3gico cl\u00e1sico en la educaci\u00f3n infantil que se ha convertido en una herramienta imprescindible para favorecer el desarrollo sensorial, motor, cognitivo y emocional desde una edad muy temprana.<\/p>\n<p><strong>Qu\u00e9 es la cesta de los tesoros?<\/strong><\/p>\n<p>La cesta de los tesoros es una propuesta pedag\u00f3gica ideada por Elinor Goldschmied, pensada principalmente para beb\u00e9s de entre 6 meses (o desde que pueden sentarse por s\u00ed solos) y 18 meses, aunque puede perdurar en edades posteriores seg\u00fan el inter\u00e9s del ni\u00f1o.<\/p>\n<p>Como su nombre indica, consiste en una cesta o recipiente poco profundo, que contiene y permite a los beb\u00e9s acceder f\u00e1cilmente a una selecci\u00f3n o conjunto de materiales ricos en texturas, formas, pesos, temperaturas, sonidos, etc., invit\u00e1ndolos a explorarlos libremente para conocer sus caracter\u00edsticas y propiedades.<\/p>\n<p>Los elementos que forman parte de la cesta suelen ser, desde su origen, objetos cotidianos diversos y estimulantes, como cucharas, moldes, telas variadas, recipientes de pl\u00e1stico, peines o incluso alg\u00fan estropajo. Cada objeto es una puerta abierta al descubrimiento: una textura diferente, un sonido inesperado, una sensaci\u00f3n \u00fanica al tacto o en la boca.<\/p>\n<p><strong>\u00bfQu\u00e9 beneficios aporta?<\/strong><\/p>\n<p>Gracias a la exploraci\u00f3n y manipulaci\u00f3n libre, los beb\u00e9s pueden desarrollar, de manera simult\u00e1nea, todos los sentidos e iniciarse en el reconocimiento y distinci\u00f3n de variedades y conceptos como:<\/p>\n<ul>\n<li><strong>Vista:<\/strong> formas, colores, tama\u00f1os y luminosidad.<\/li>\n<li><strong>Gusto:<\/strong> temperaturas y resistencia.<\/li>\n<li><strong>O\u00eddo:<\/strong> sonidos y timbres, generados al sacudir, frotar, golpear, presionar, etc.<\/li>\n<li><strong>Tacto:<\/strong> presiones, texturas, temperaturas, formas, pesos, vol\u00famenes y materiales.<\/li>\n<li><strong>Olfato:<\/strong> olores y aromas.<\/li>\n<\/ul>\n<p><strong>En esta actividad exploratoria, los ni\u00f1os protagonistas e investigadores:<\/strong><\/p>\n<p>Pondr\u00e1n en pr\u00e1ctica todas sus t\u00e9cnicas exploratorias: tocar\u00e1n, chupar\u00e1n, coger\u00e1n, lanzar\u00e1n, apilar\u00e1n&#8230;<br \/>Descubrir\u00e1n las m\u00faltiples posibilidades de acci\u00f3n y combinaci\u00f3n: probar\u00e1n, repetir\u00e1n, reinventar\u00e1n, etc.<br \/>Comprender\u00e1n los efectos de sus acciones en los objetos: al hacerlos sonar, rodar, agitar, etc.<br \/>Seleccionar\u00e1n y actuar\u00e1n respondiendo a sus necesidades: palpar\u00e1n, golpear\u00e1n, pasar\u00e1n de una mano a otra, perseguir\u00e1n&#8230;<br \/>La exploraci\u00f3n continuada les permitir\u00e1 discriminar los objetos y percatarse de las diferencias existentes entre ellos. A menudo elegir\u00e1n el mismo objeto, definiendo as\u00ed sus preferencias por alguno de ellos entre la diversidad de elementos que se les ofrece.<br \/>Desarrollar\u00e1n y perfeccionar\u00e1n la habilidad de manipulaci\u00f3n y la coordinaci\u00f3n ojo-mano.<br \/>Fomentar\u00e1n su autonom\u00eda y capacidad de atenci\u00f3n y concentraci\u00f3n, haciendo y aprendiendo por s\u00ed mismos.<\/p>\n<p><strong>\u00bfPor qu\u00e9 optar por los NIUS de Mil Nius?<\/strong><\/p>\n<p>En Mil Nius hemos querido llevar esta propuesta tradicional un paso m\u00e1s all\u00e1 con nuestros Nius, asegurando que cada elemento incluido no solo sea enriquecedor, sino tambi\u00e9n seguro y alineado con valores de naturaleza y sostenibilidad. Hemos sustituido los elementos convencionales y cotidianos mencionados por elementos naturales (propios de la naturaleza: como pi\u00f1as, vainas, esponjas vegetales, cortezas secas&#8230;) y elaborados con materiales naturales (como la madera, la lana o el algod\u00f3n org\u00e1nico), libres de tintes, barnices o qu\u00edmicos artificiales.<\/p>\n<p>\u00bfTe animas a proporcionar experiencias conectadas con la realidad, la naturaleza y el bienestar de los beb\u00e9s?<br \/>Descubre nuestros Nius.<\/p>\n<p>[\/et_pb_text][\/et_pb_column]<br \/>\n\t\t\t[\/et_pb_row]<br \/>\n\t\t[\/et_pb_section]<\/p>\n","protected":false},"excerpt":{"rendered":"<p>PRESENTACI\u00d3N CESTA DE LOS TESOROS &#8211; NIUS La magia de la cesta de los tesoros: exploraci\u00f3n sensorial y aprendizaje natural para los m\u00e1s peque\u00f1os PRESENTACI\u00d3N CESTA DE LOS TESOROS &#8211; NIUS La magia de la cesta de los tesoros: exploraci\u00f3n sensorial y aprendizaje natural para los m\u00e1s peque\u00f1os.Cuando los beb\u00e9s comienzan a explorar el mundo [&hellip;]<\/p>\n","protected":false},"author":3,"featured_media":0,"parent":0,"menu_order":0,"comment_status":"closed","ping_status":"closed","template":"","meta":{"_et_pb_use_builder":"on","_et_pb_old_content":"<h2>PRESENTACI\u00d3N CESTA DE LOS TESOROS - NIUS\n<\/h2>\t\t\t\t\n\t\t<p>La magia de la cesta de los tesoros: exploraci\u00f3n sensorial y aprendizaje natural para los m\u00e1s peque\u00f1os<\/p>\t\t\n\t\t\t\t\t<h3>PRESENTACI\u00d3N CESTA DE LOS TESOROS - NIUS<\/h3>\t\t\t\t\n\t\t<p>La magia de la cesta de los tesoros: exploraci\u00f3n sensorial y aprendizaje natural para los m\u00e1s peque\u00f1os.<\/p><p>Cuando los beb\u00e9s comienzan a explorar el mundo que les rodea, lo hacen con los ojos, las manos, la boca... implicando y activando todos sus sentidos. Tocar, chupar, golpear, lanzar... son acciones que pueden parecer simples desde la perspectiva adulta, pero son absolutamente esenciales para el desarrollo neurol\u00f3gico de los m\u00e1s peque\u00f1os. As\u00ed lo respaldan numerosos estudios e investigaciones en el \u00e1mbito de la educaci\u00f3n y la neurociencia.<\/p>\t\t\n\t\t\t\t\t\t\t\t\t\t\t\t\t\t\t<img src=\"https:\/\/milnius.com\/wp-content\/uploads\/2025\/03\/download-3.png\" title=\"\" alt=\"\" loading=\"lazy\" \/>\t\t\t\t\t\t\t\t\t\t\t\t\t\t\t\n\t\t<p>Los primeros a\u00f1os de vida son, de hecho, una ventana \u00fanica para estimular el desarrollo integral de los beb\u00e9s. Esta etapa tan m\u00e1gica, donde todo es nuevo y llama la atenci\u00f3n, est\u00e1 llena de descubrimientos y aprendizajes que marcan significativamente sus primeras experiencias. A trav\u00e9s de estas, se generan nuevas sensaciones, percepciones y reflexiones que ir\u00e1n acompa\u00f1adas de nuevas destrezas y habilidades, las cuales, con el tiempo, se ir\u00e1n perfeccionando y se convertir\u00e1n en nuevas conquistas de autonom\u00eda y autoestima, fomentadas por el sentimiento de capacidad. Te has planteado c\u00f3mo podemos potenciar este momento tan crucial?<br \/>\u00bfC\u00f3mo podemos estimular el desarrollo global del beb\u00e9 de manera natural y segura?<br \/>\u00bfC\u00f3mo podemos fomentar esa curiosidad innata para que sea plenamente enriquecedora y beneficiosa?<\/p><p>\u201cLa cesta de los tesoros\u201d es una excelente respuesta a estas preguntas. Un recurso pedag\u00f3gico cl\u00e1sico en la educaci\u00f3n infantil que se ha convertido en una herramienta imprescindible para favorecer el desarrollo sensorial, motor, cognitivo y emocional desde una edad muy temprana.<\/p><p><strong>Qu\u00e9 es la cesta de los tesoros?<\/strong><\/p><p>La cesta de los tesoros es una propuesta pedag\u00f3gica ideada por Elinor Goldschmied, pensada principalmente para beb\u00e9s de entre 6 meses (o desde que pueden sentarse por s\u00ed solos) y 18 meses, aunque puede perdurar en edades posteriores seg\u00fan el inter\u00e9s del ni\u00f1o.<\/p><p>Como su nombre indica, consiste en una cesta o recipiente poco profundo, que contiene y permite a los beb\u00e9s acceder f\u00e1cilmente a una selecci\u00f3n o conjunto de materiales ricos en texturas, formas, pesos, temperaturas, sonidos, etc., invit\u00e1ndolos a explorarlos libremente para conocer sus caracter\u00edsticas y propiedades.<\/p><p>Los elementos que forman parte de la cesta suelen ser, desde su origen, objetos cotidianos diversos y estimulantes, como cucharas, moldes, telas variadas, recipientes de pl\u00e1stico, peines o incluso alg\u00fan estropajo. Cada objeto es una puerta abierta al descubrimiento: una textura diferente, un sonido inesperado, una sensaci\u00f3n \u00fanica al tacto o en la boca.<\/p><p><strong>\u00bfQu\u00e9 beneficios aporta?<\/strong><\/p><p>Gracias a la exploraci\u00f3n y manipulaci\u00f3n libre, los beb\u00e9s pueden desarrollar, de manera simult\u00e1nea, todos los sentidos e iniciarse en el reconocimiento y distinci\u00f3n de variedades y conceptos como:<\/p><ul><li><strong>Vista:<\/strong> formas, colores, tama\u00f1os y luminosidad.<\/li><li><strong>Gusto:<\/strong> temperaturas y resistencia.<\/li><li><strong>O\u00eddo:<\/strong> sonidos y timbres, generados al sacudir, frotar, golpear, presionar, etc.<\/li><li><strong>Tacto:<\/strong> presiones, texturas, temperaturas, formas, pesos, vol\u00famenes y materiales.<\/li><li><strong>Olfato:<\/strong> olores y aromas.<\/li><\/ul><p><strong>En esta actividad exploratoria, los ni\u00f1os protagonistas e investigadores:<\/strong><\/p><p>Pondr\u00e1n en pr\u00e1ctica todas sus t\u00e9cnicas exploratorias: tocar\u00e1n, chupar\u00e1n, coger\u00e1n, lanzar\u00e1n, apilar\u00e1n...<br \/>Descubrir\u00e1n las m\u00faltiples posibilidades de acci\u00f3n y combinaci\u00f3n: probar\u00e1n, repetir\u00e1n, reinventar\u00e1n, etc.<br \/>Comprender\u00e1n los efectos de sus acciones en los objetos: al hacerlos sonar, rodar, agitar, etc.<br \/>Seleccionar\u00e1n y actuar\u00e1n respondiendo a sus necesidades: palpar\u00e1n, golpear\u00e1n, pasar\u00e1n de una mano a otra, perseguir\u00e1n...<br \/>La exploraci\u00f3n continuada les permitir\u00e1 discriminar los objetos y percatarse de las diferencias existentes entre ellos. A menudo elegir\u00e1n el mismo objeto, definiendo as\u00ed sus preferencias por alguno de ellos entre la diversidad de elementos que se les ofrece.<br \/>Desarrollar\u00e1n y perfeccionar\u00e1n la habilidad de manipulaci\u00f3n y la coordinaci\u00f3n ojo-mano.<br \/>Fomentar\u00e1n su autonom\u00eda y capacidad de atenci\u00f3n y concentraci\u00f3n, haciendo y aprendiendo por s\u00ed mismos.<br \/><br \/><strong>\u00bfPor qu\u00e9 optar por los NIUS de Mil Nius?<\/strong><\/p><p>En Mil Nius hemos querido llevar esta propuesta tradicional un paso m\u00e1s all\u00e1 con nuestros Nius, asegurando que cada elemento incluido no solo sea enriquecedor, sino tambi\u00e9n seguro y alineado con valores de naturaleza y sostenibilidad. Hemos sustituido los elementos convencionales y cotidianos mencionados por elementos naturales (propios de la naturaleza: como pi\u00f1as, vainas, esponjas vegetales, cortezas secas...) y elaborados con materiales naturales (como la madera, la lana o el algod\u00f3n org\u00e1nico), libres de tintes, barnices o qu\u00edmicos artificiales.<\/p><p>\u00bfTe animas a proporcionar experiencias conectadas con la realidad, la naturaleza y el bienestar de los beb\u00e9s?<br \/>Descubre nuestros Nius.<br \/><br \/><\/p>","_et_gb_content_width":"","footnotes":""},"class_list":["post-1869","page","type-page","status-publish","hentry"],"yoast_head":"<!-- This site is optimized with the Yoast SEO plugin v27.0 - https:\/\/yoast.com\/product\/yoast-seo-wordpress\/ -->\n<title>PRESENTACI\u00d3N CESTA DE LOS TESOROS - NIUS - Mil Nius<\/title>\n<meta name=\"description\" content=\"Estimula el desarrollo sensorial de tu beb\u00e9 con la cesta de los tesoros de Mil Nius. \u00a1Explora la magia del juego en Mil Nius!\" \/>\n<meta name=\"robots\" content=\"index, follow, max-snippet:-1, max-image-preview:large, max-video-preview:-1\" \/>\n<link rel=\"canonical\" href=\"https:\/\/milnius.com\/ca\/presentacion-cesta-de-los-tesoros-nius\/\" \/>\n<meta property=\"og:locale\" content=\"ca_ES\" \/>\n<meta property=\"og:type\" content=\"article\" \/>\n<meta property=\"og:title\" content=\"PRESENTACI\u00d3N CESTA DE LOS TESOROS - NIUS - Mil Nius\" \/>\n<meta property=\"og:description\" content=\"Estimula el desarrollo sensorial de tu beb\u00e9 con la cesta de los tesoros de Mil Nius. \u00a1Explora la magia del juego en Mil Nius!\" \/>\n<meta property=\"og:url\" content=\"https:\/\/milnius.com\/ca\/presentacion-cesta-de-los-tesoros-nius\/\" \/>\n<meta property=\"og:site_name\" content=\"Mil Nius\" \/>\n<meta property=\"article:modified_time\" content=\"2025-09-21T15:20:33+00:00\" \/>\n<meta property=\"og:image\" content=\"https:\/\/milnius.com\/wp-content\/uploads\/2025\/03\/download-3.png\" \/>\n<meta name=\"twitter:card\" content=\"summary_large_image\" \/>\n<meta name=\"twitter:label1\" content=\"Temps estimat de lectura\" \/>\n\t<meta name=\"twitter:data1\" content=\"4 minuts\" \/>\n<script type=\"application\/ld+json\" class=\"yoast-schema-graph\">{\"@context\":\"https:\/\/schema.org\",\"@graph\":[{\"@type\":\"WebPage\",\"@id\":\"https:\/\/milnius.com\/presentacion-cesta-de-los-tesoros-nius\/\",\"url\":\"https:\/\/milnius.com\/presentacion-cesta-de-los-tesoros-nius\/\",\"name\":\"PRESENTACI\u00d3N CESTA DE LOS TESOROS - NIUS - Mil Nius\",\"isPartOf\":{\"@id\":\"https:\/\/milnius.com\/#website\"},\"primaryImageOfPage\":{\"@id\":\"https:\/\/milnius.com\/presentacion-cesta-de-los-tesoros-nius\/#primaryimage\"},\"image\":{\"@id\":\"https:\/\/milnius.com\/presentacion-cesta-de-los-tesoros-nius\/#primaryimage\"},\"thumbnailUrl\":\"https:\/\/milnius.com\/wp-content\/uploads\/2025\/03\/download-3.png\",\"datePublished\":\"2025-03-01T14:23:30+00:00\",\"dateModified\":\"2025-09-21T15:20:33+00:00\",\"description\":\"Estimula el desarrollo sensorial de tu beb\u00e9 con la cesta de los tesoros de Mil Nius. \u00a1Explora la magia del juego en Mil Nius!\",\"breadcrumb\":{\"@id\":\"https:\/\/milnius.com\/presentacion-cesta-de-los-tesoros-nius\/#breadcrumb\"},\"inLanguage\":\"ca\",\"potentialAction\":[{\"@type\":\"ReadAction\",\"target\":[\"https:\/\/milnius.com\/presentacion-cesta-de-los-tesoros-nius\/\"]}]},{\"@type\":\"ImageObject\",\"inLanguage\":\"ca\",\"@id\":\"https:\/\/milnius.com\/presentacion-cesta-de-los-tesoros-nius\/#primaryimage\",\"url\":\"https:\/\/milnius.com\/wp-content\/uploads\/2025\/03\/download-3.png\",\"contentUrl\":\"https:\/\/milnius.com\/wp-content\/uploads\/2025\/03\/download-3.png\"},{\"@type\":\"BreadcrumbList\",\"@id\":\"https:\/\/milnius.com\/presentacion-cesta-de-los-tesoros-nius\/#breadcrumb\",\"itemListElement\":[{\"@type\":\"ListItem\",\"position\":1,\"name\":\"Portada\",\"item\":\"https:\/\/milnius.com\/\"},{\"@type\":\"ListItem\",\"position\":2,\"name\":\"PRESENTACI\u00d3N CESTA DE LOS TESOROS &#8211; NIUS\"}]},{\"@type\":\"WebSite\",\"@id\":\"https:\/\/milnius.com\/#website\",\"url\":\"https:\/\/milnius.com\/\",\"name\":\"Mil Nius\",\"description\":\"Materiales sensoriales naturales para ni\u00f1@s\",\"potentialAction\":[{\"@type\":\"SearchAction\",\"target\":{\"@type\":\"EntryPoint\",\"urlTemplate\":\"https:\/\/milnius.com\/?s={search_term_string}\"},\"query-input\":{\"@type\":\"PropertyValueSpecification\",\"valueRequired\":true,\"valueName\":\"search_term_string\"}}],\"inLanguage\":\"ca\"}]}<\/script>\n<!-- \/ Yoast SEO plugin. -->","yoast_head_json":{"title":"PRESENTACI\u00d3N CESTA DE LOS TESOROS - NIUS - Mil Nius","description":"Estimula el desarrollo sensorial de tu beb\u00e9 con la cesta de los tesoros de Mil Nius. \u00a1Explora la magia del juego en Mil Nius!","robots":{"index":"index","follow":"follow","max-snippet":"max-snippet:-1","max-image-preview":"max-image-preview:large","max-video-preview":"max-video-preview:-1"},"canonical":"https:\/\/milnius.com\/ca\/presentacion-cesta-de-los-tesoros-nius\/","og_locale":"ca_ES","og_type":"article","og_title":"PRESENTACI\u00d3N CESTA DE LOS TESOROS - NIUS - Mil Nius","og_description":"Estimula el desarrollo sensorial de tu beb\u00e9 con la cesta de los tesoros de Mil Nius. \u00a1Explora la magia del juego en Mil Nius!","og_url":"https:\/\/milnius.com\/ca\/presentacion-cesta-de-los-tesoros-nius\/","og_site_name":"Mil Nius","article_modified_time":"2025-09-21T15:20:33+00:00","og_image":[{"url":"https:\/\/milnius.com\/wp-content\/uploads\/2025\/03\/download-3.png","type":"","width":"","height":""}],"twitter_card":"summary_large_image","twitter_misc":{"Temps estimat de lectura":"4 minuts"},"schema":{"@context":"https:\/\/schema.org","@graph":[{"@type":"WebPage","@id":"https:\/\/milnius.com\/presentacion-cesta-de-los-tesoros-nius\/","url":"https:\/\/milnius.com\/presentacion-cesta-de-los-tesoros-nius\/","name":"PRESENTACI\u00d3N CESTA DE LOS TESOROS - NIUS - Mil Nius","isPartOf":{"@id":"https:\/\/milnius.com\/#website"},"primaryImageOfPage":{"@id":"https:\/\/milnius.com\/presentacion-cesta-de-los-tesoros-nius\/#primaryimage"},"image":{"@id":"https:\/\/milnius.com\/presentacion-cesta-de-los-tesoros-nius\/#primaryimage"},"thumbnailUrl":"https:\/\/milnius.com\/wp-content\/uploads\/2025\/03\/download-3.png","datePublished":"2025-03-01T14:23:30+00:00","dateModified":"2025-09-21T15:20:33+00:00","description":"Estimula el desarrollo sensorial de tu beb\u00e9 con la cesta de los tesoros de Mil Nius. \u00a1Explora la magia del juego en Mil Nius!","breadcrumb":{"@id":"https:\/\/milnius.com\/presentacion-cesta-de-los-tesoros-nius\/#breadcrumb"},"inLanguage":"ca","potentialAction":[{"@type":"ReadAction","target":["https:\/\/milnius.com\/presentacion-cesta-de-los-tesoros-nius\/"]}]},{"@type":"ImageObject","inLanguage":"ca","@id":"https:\/\/milnius.com\/presentacion-cesta-de-los-tesoros-nius\/#primaryimage","url":"https:\/\/milnius.com\/wp-content\/uploads\/2025\/03\/download-3.png","contentUrl":"https:\/\/milnius.com\/wp-content\/uploads\/2025\/03\/download-3.png"},{"@type":"BreadcrumbList","@id":"https:\/\/milnius.com\/presentacion-cesta-de-los-tesoros-nius\/#breadcrumb","itemListElement":[{"@type":"ListItem","position":1,"name":"Portada","item":"https:\/\/milnius.com\/"},{"@type":"ListItem","position":2,"name":"PRESENTACI\u00d3N CESTA DE LOS TESOROS &#8211; NIUS"}]},{"@type":"WebSite","@id":"https:\/\/milnius.com\/#website","url":"https:\/\/milnius.com\/","name":"Mil Nius","description":"Materiales sensoriales naturales para ni\u00f1@s","potentialAction":[{"@type":"SearchAction","target":{"@type":"EntryPoint","urlTemplate":"https:\/\/milnius.com\/?s={search_term_string}"},"query-input":{"@type":"PropertyValueSpecification","valueRequired":true,"valueName":"search_term_string"}}],"inLanguage":"ca"}]}},"_links":{"self":[{"href":"https:\/\/milnius.com\/ca\/wp-json\/wp\/v2\/pages\/1869","targetHints":{"allow":["GET"]}}],"collection":[{"href":"https:\/\/milnius.com\/ca\/wp-json\/wp\/v2\/pages"}],"about":[{"href":"https:\/\/milnius.com\/ca\/wp-json\/wp\/v2\/types\/page"}],"author":[{"embeddable":true,"href":"https:\/\/milnius.com\/ca\/wp-json\/wp\/v2\/users\/3"}],"replies":[{"embeddable":true,"href":"https:\/\/milnius.com\/ca\/wp-json\/wp\/v2\/comments?post=1869"}],"version-history":[{"count":23,"href":"https:\/\/milnius.com\/ca\/wp-json\/wp\/v2\/pages\/1869\/revisions"}],"predecessor-version":[{"id":3585,"href":"https:\/\/milnius.com\/ca\/wp-json\/wp\/v2\/pages\/1869\/revisions\/3585"}],"wp:attachment":[{"href":"https:\/\/milnius.com\/ca\/wp-json\/wp\/v2\/media?parent=1869"}],"curies":[{"name":"wp","href":"https:\/\/api.w.org\/{rel}","templated":true}]}}