{"id":1859,"date":"2025-03-01T13:52:31","date_gmt":"2025-03-01T13:52:31","guid":{"rendered":"https:\/\/milnius.com\/?page_id=1859"},"modified":"2025-11-06T09:09:54","modified_gmt":"2025-11-06T08:09:54","slug":"blog","status":"publish","type":"page","link":"https:\/\/milnius.com\/ca\/blog\/","title":{"rendered":"Blog"},"content":{"rendered":"<p>[et_pb_section admin_label=\u00bbsection\u00bb]<br \/>\n\t\t\t[et_pb_row admin_label=\u00bbrow\u00bb]<br \/>\n\t\t\t\t[et_pb_column type=\u00bb4_4&#8243;][et_pb_text admin_label=\u00bbText\u00bb]<\/p>\n<h2>Blog<br \/>\n<\/h2>\n<h3>El juego libre es el primer paso hacia un mundo de descubrimiento, donde la naturaleza se convierte en la mejor maestra.<br \/>\n<\/h3>\n<p>\t\t\t\t\t\t\t\t\t\t\t\t\t\t\t\t<a href=\"https:\/\/milnius.com\/presentacion-cesta-de-los-tesoros-nius\/\"><br \/>\n\t\t\t\t\t\t\t<img loading=\"lazy\" decoding=\"async\" width=\"1024\" height=\"500\" src=\"https:\/\/milnius.com\/wp-content\/uploads\/2025\/03\/678e7840632f9650183c9361_optimized_1113_c1113x543-0x0-2-1024x500.webp\" alt=\"\" srcset=\"https:\/\/milnius.com\/wp-content\/uploads\/2025\/03\/678e7840632f9650183c9361_optimized_1113_c1113x543-0x0-2-1024x500.webp 1024w, https:\/\/milnius.com\/wp-content\/uploads\/2025\/03\/678e7840632f9650183c9361_optimized_1113_c1113x543-0x0-2-300x146.webp 300w, https:\/\/milnius.com\/wp-content\/uploads\/2025\/03\/678e7840632f9650183c9361_optimized_1113_c1113x543-0x0-2-768x375.webp 768w, https:\/\/milnius.com\/wp-content\/uploads\/2025\/03\/678e7840632f9650183c9361_optimized_1113_c1113x543-0x0-2-18x9.webp 18w, https:\/\/milnius.com\/wp-content\/uploads\/2025\/03\/678e7840632f9650183c9361_optimized_1113_c1113x543-0x0-2-600x293.webp 600w, https:\/\/milnius.com\/wp-content\/uploads\/2025\/03\/678e7840632f9650183c9361_optimized_1113_c1113x543-0x0-2.webp 1113w\" sizes=\"auto, (max-width: 1024px) 100vw, 1024px\" \/>\t\t\t\t\t\t\t\t<\/a><\/p>\n<p>9 Dec 2024<\/p>\n<h2><a href=\"https:\/\/milnius.com\/presentacion-cesta-de-los-tesoros-nius\/\">PRESENTACI\u00d3N CESTA DE LOS TESOROS &#8211; NIUS<br \/>\n<\/a><\/h2>\n<h2>La magia de la cesta de los tesoros: exploraci\u00f3n sensorial y aprendizaje natural para los m\u00e1s peque\u00f1os.<\/h2>\n<p>Cuando los beb\u00e9s comienzan a explorar el mundo que les rodea, lo hacen con los ojos, las manos, la boca&#8230; <a href=\"https:\/\/milnius.com\/presentacion-cesta-de-los-tesoros-nius\/\">Seguir leyendo\u2192<\/a><\/p>\n<p>[\/et_pb_text][\/et_pb_column]<br \/>\n\t\t\t[\/et_pb_row]<br \/>\n\t\t[\/et_pb_section]<\/p>\n","protected":false},"excerpt":{"rendered":"<p>Blog El juego libre es el primer paso hacia un mundo de descubrimiento, donde la naturaleza se convierte en la mejor maestra. 9 Dec 2024 PRESENTACI\u00d3N CESTA DE LOS TESOROS &#8211; NIUS La magia de la cesta de los tesoros: exploraci\u00f3n sensorial y aprendizaje natural para los m\u00e1s peque\u00f1os. Cuando los beb\u00e9s comienzan a explorar [&hellip;]<\/p>\n","protected":false},"author":3,"featured_media":0,"parent":0,"menu_order":0,"comment_status":"closed","ping_status":"closed","template":"","meta":{"_et_pb_use_builder":"on","_et_pb_old_content":"<h2>Blog\n<\/h2>\t\t\t\t\n\t\t\t\t\t<h3>El juego libre es el primer paso hacia un mundo de descubrimiento, donde la naturaleza se convierte en la mejor maestra.\n<\/h3>\t\t\t\t\n\t\t\t\t\t\t\t\t\t\t\t\t\t\t\t\t<a href=\"https:\/\/milnius.com\/presentacion-cesta-de-los-tesoros-nius\/\">\n\t\t\t\t\t\t\t<img width=\"1024\" height=\"500\" src=\"https:\/\/milnius.com\/wp-content\/uploads\/2025\/03\/678e7840632f9650183c9361_optimized_1113_c1113x543-0x0-2-1024x500.webp\" alt=\"\" srcset=\"https:\/\/milnius.com\/wp-content\/uploads\/2025\/03\/678e7840632f9650183c9361_optimized_1113_c1113x543-0x0-2-1024x500.webp 1024w, https:\/\/milnius.com\/wp-content\/uploads\/2025\/03\/678e7840632f9650183c9361_optimized_1113_c1113x543-0x0-2-300x146.webp 300w, https:\/\/milnius.com\/wp-content\/uploads\/2025\/03\/678e7840632f9650183c9361_optimized_1113_c1113x543-0x0-2-768x375.webp 768w, https:\/\/milnius.com\/wp-content\/uploads\/2025\/03\/678e7840632f9650183c9361_optimized_1113_c1113x543-0x0-2-18x9.webp 18w, https:\/\/milnius.com\/wp-content\/uploads\/2025\/03\/678e7840632f9650183c9361_optimized_1113_c1113x543-0x0-2-600x293.webp 600w, https:\/\/milnius.com\/wp-content\/uploads\/2025\/03\/678e7840632f9650183c9361_optimized_1113_c1113x543-0x0-2.webp 1113w\" sizes=\"(max-width: 1024px) 100vw, 1024px\" \/>\t\t\t\t\t\t\t\t<\/a>\n\t\t<p>9 Dec 2024<\/p>\t\t\n\t\t\t\t\t<h2><a href=\"https:\/\/milnius.com\/presentacion-cesta-de-los-tesoros-nius\/\">PRESENTACI\u00d3N CESTA DE LOS TESOROS - NIUS\n<\/a><\/h2>\t\t\t\t\n\t\t\t\t\t<h2>La magia de la cesta de los tesoros: exploraci\u00f3n sensorial y aprendizaje natural para los m\u00e1s peque\u00f1os.<\/h2>\t\t\t\t\n\t\t<p>Cuando los beb\u00e9s comienzan a explorar el mundo que les rodea, lo hacen con los ojos, las manos, la boca... <a href=\"https:\/\/milnius.com\/presentacion-cesta-de-los-tesoros-nius\/\">Seguir leyendo\u2192<\/a><\/p>","_et_gb_content_width":"","footnotes":""},"class_list":["post-1859","page","type-page","status-publish","hentry"],"yoast_head":"<!-- This site is optimized with the Yoast SEO plugin v27.0 - https:\/\/yoast.com\/product\/yoast-seo-wordpress\/ -->\n<title>Blog - Mil Nius<\/title>\n<meta name=\"description\" content=\"Lee nuestro blog en Mil Nius para acompa\u00f1ar a los m\u00e1s peque\u00f1os en su crecimiento y descubre consejos sobre el desarrollo sensorial infantil.\" \/>\n<meta name=\"robots\" content=\"index, follow, max-snippet:-1, max-image-preview:large, max-video-preview:-1\" \/>\n<link rel=\"canonical\" href=\"https:\/\/milnius.com\/ca\/blog\/\" \/>\n<meta property=\"og:locale\" content=\"ca_ES\" \/>\n<meta property=\"og:type\" content=\"article\" \/>\n<meta property=\"og:title\" content=\"Blog - Mil Nius\" \/>\n<meta property=\"og:description\" content=\"Lee nuestro blog en Mil Nius para acompa\u00f1ar a los m\u00e1s peque\u00f1os en su crecimiento y descubre consejos sobre el desarrollo sensorial infantil.\" \/>\n<meta property=\"og:url\" content=\"https:\/\/milnius.com\/ca\/blog\/\" \/>\n<meta property=\"og:site_name\" content=\"Mil Nius\" \/>\n<meta property=\"article:modified_time\" content=\"2025-11-06T08:09:54+00:00\" \/>\n<meta property=\"og:image\" content=\"https:\/\/milnius.com\/wp-content\/uploads\/2025\/03\/678e7840632f9650183c9361_optimized_1113_c1113x543-0x0-2-1024x500.webp\" \/>\n<meta name=\"twitter:card\" content=\"summary_large_image\" \/>\n<meta name=\"twitter:label1\" content=\"Temps estimat de lectura\" \/>\n\t<meta name=\"twitter:data1\" content=\"1 minut\" \/>\n<script type=\"application\/ld+json\" class=\"yoast-schema-graph\">{\"@context\":\"https:\/\/schema.org\",\"@graph\":[{\"@type\":\"WebPage\",\"@id\":\"https:\/\/milnius.com\/blog\/\",\"url\":\"https:\/\/milnius.com\/blog\/\",\"name\":\"Blog - Mil Nius\",\"isPartOf\":{\"@id\":\"https:\/\/milnius.com\/#website\"},\"primaryImageOfPage\":{\"@id\":\"https:\/\/milnius.com\/blog\/#primaryimage\"},\"image\":{\"@id\":\"https:\/\/milnius.com\/blog\/#primaryimage\"},\"thumbnailUrl\":\"https:\/\/milnius.com\/wp-content\/uploads\/2025\/03\/678e7840632f9650183c9361_optimized_1113_c1113x543-0x0-2-1024x500.webp\",\"datePublished\":\"2025-03-01T13:52:31+00:00\",\"dateModified\":\"2025-11-06T08:09:54+00:00\",\"description\":\"Lee nuestro blog en Mil Nius para acompa\u00f1ar a los m\u00e1s peque\u00f1os en su crecimiento y descubre consejos sobre el desarrollo sensorial infantil.\",\"breadcrumb\":{\"@id\":\"https:\/\/milnius.com\/blog\/#breadcrumb\"},\"inLanguage\":\"ca\",\"potentialAction\":[{\"@type\":\"ReadAction\",\"target\":[\"https:\/\/milnius.com\/blog\/\"]}]},{\"@type\":\"ImageObject\",\"inLanguage\":\"ca\",\"@id\":\"https:\/\/milnius.com\/blog\/#primaryimage\",\"url\":\"https:\/\/milnius.com\/wp-content\/uploads\/2025\/03\/678e7840632f9650183c9361_optimized_1113_c1113x543-0x0-2-1024x500.webp\",\"contentUrl\":\"https:\/\/milnius.com\/wp-content\/uploads\/2025\/03\/678e7840632f9650183c9361_optimized_1113_c1113x543-0x0-2-1024x500.webp\"},{\"@type\":\"BreadcrumbList\",\"@id\":\"https:\/\/milnius.com\/blog\/#breadcrumb\",\"itemListElement\":[{\"@type\":\"ListItem\",\"position\":1,\"name\":\"Portada\",\"item\":\"https:\/\/milnius.com\/\"},{\"@type\":\"ListItem\",\"position\":2,\"name\":\"Blog\"}]},{\"@type\":\"WebSite\",\"@id\":\"https:\/\/milnius.com\/#website\",\"url\":\"https:\/\/milnius.com\/\",\"name\":\"Mil Nius\",\"description\":\"Materiales sensoriales naturales para ni\u00f1@s\",\"potentialAction\":[{\"@type\":\"SearchAction\",\"target\":{\"@type\":\"EntryPoint\",\"urlTemplate\":\"https:\/\/milnius.com\/?s={search_term_string}\"},\"query-input\":{\"@type\":\"PropertyValueSpecification\",\"valueRequired\":true,\"valueName\":\"search_term_string\"}}],\"inLanguage\":\"ca\"}]}<\/script>\n<!-- \/ Yoast SEO plugin. -->","yoast_head_json":{"title":"Blog - Mil Nius","description":"Lee nuestro blog en Mil Nius para acompa\u00f1ar a los m\u00e1s peque\u00f1os en su crecimiento y descubre consejos sobre el desarrollo sensorial infantil.","robots":{"index":"index","follow":"follow","max-snippet":"max-snippet:-1","max-image-preview":"max-image-preview:large","max-video-preview":"max-video-preview:-1"},"canonical":"https:\/\/milnius.com\/ca\/blog\/","og_locale":"ca_ES","og_type":"article","og_title":"Blog - Mil Nius","og_description":"Lee nuestro blog en Mil Nius para acompa\u00f1ar a los m\u00e1s peque\u00f1os en su crecimiento y descubre consejos sobre el desarrollo sensorial infantil.","og_url":"https:\/\/milnius.com\/ca\/blog\/","og_site_name":"Mil Nius","article_modified_time":"2025-11-06T08:09:54+00:00","og_image":[{"url":"https:\/\/milnius.com\/wp-content\/uploads\/2025\/03\/678e7840632f9650183c9361_optimized_1113_c1113x543-0x0-2-1024x500.webp","type":"","width":"","height":""}],"twitter_card":"summary_large_image","twitter_misc":{"Temps estimat de lectura":"1 minut"},"schema":{"@context":"https:\/\/schema.org","@graph":[{"@type":"WebPage","@id":"https:\/\/milnius.com\/blog\/","url":"https:\/\/milnius.com\/blog\/","name":"Blog - Mil Nius","isPartOf":{"@id":"https:\/\/milnius.com\/#website"},"primaryImageOfPage":{"@id":"https:\/\/milnius.com\/blog\/#primaryimage"},"image":{"@id":"https:\/\/milnius.com\/blog\/#primaryimage"},"thumbnailUrl":"https:\/\/milnius.com\/wp-content\/uploads\/2025\/03\/678e7840632f9650183c9361_optimized_1113_c1113x543-0x0-2-1024x500.webp","datePublished":"2025-03-01T13:52:31+00:00","dateModified":"2025-11-06T08:09:54+00:00","description":"Lee nuestro blog en Mil Nius para acompa\u00f1ar a los m\u00e1s peque\u00f1os en su crecimiento y descubre consejos sobre el desarrollo sensorial infantil.","breadcrumb":{"@id":"https:\/\/milnius.com\/blog\/#breadcrumb"},"inLanguage":"ca","potentialAction":[{"@type":"ReadAction","target":["https:\/\/milnius.com\/blog\/"]}]},{"@type":"ImageObject","inLanguage":"ca","@id":"https:\/\/milnius.com\/blog\/#primaryimage","url":"https:\/\/milnius.com\/wp-content\/uploads\/2025\/03\/678e7840632f9650183c9361_optimized_1113_c1113x543-0x0-2-1024x500.webp","contentUrl":"https:\/\/milnius.com\/wp-content\/uploads\/2025\/03\/678e7840632f9650183c9361_optimized_1113_c1113x543-0x0-2-1024x500.webp"},{"@type":"BreadcrumbList","@id":"https:\/\/milnius.com\/blog\/#breadcrumb","itemListElement":[{"@type":"ListItem","position":1,"name":"Portada","item":"https:\/\/milnius.com\/"},{"@type":"ListItem","position":2,"name":"Blog"}]},{"@type":"WebSite","@id":"https:\/\/milnius.com\/#website","url":"https:\/\/milnius.com\/","name":"Mil Nius","description":"Materiales sensoriales naturales para ni\u00f1@s","potentialAction":[{"@type":"SearchAction","target":{"@type":"EntryPoint","urlTemplate":"https:\/\/milnius.com\/?s={search_term_string}"},"query-input":{"@type":"PropertyValueSpecification","valueRequired":true,"valueName":"search_term_string"}}],"inLanguage":"ca"}]}},"_links":{"self":[{"href":"https:\/\/milnius.com\/ca\/wp-json\/wp\/v2\/pages\/1859","targetHints":{"allow":["GET"]}}],"collection":[{"href":"https:\/\/milnius.com\/ca\/wp-json\/wp\/v2\/pages"}],"about":[{"href":"https:\/\/milnius.com\/ca\/wp-json\/wp\/v2\/types\/page"}],"author":[{"embeddable":true,"href":"https:\/\/milnius.com\/ca\/wp-json\/wp\/v2\/users\/3"}],"replies":[{"embeddable":true,"href":"https:\/\/milnius.com\/ca\/wp-json\/wp\/v2\/comments?post=1859"}],"version-history":[{"count":36,"href":"https:\/\/milnius.com\/ca\/wp-json\/wp\/v2\/pages\/1859\/revisions"}],"predecessor-version":[{"id":3817,"href":"https:\/\/milnius.com\/ca\/wp-json\/wp\/v2\/pages\/1859\/revisions\/3817"}],"wp:attachment":[{"href":"https:\/\/milnius.com\/ca\/wp-json\/wp\/v2\/media?parent=1859"}],"curies":[{"name":"wp","href":"https:\/\/api.w.org\/{rel}","templated":true}]}}